{"id":23663,"date":"2025-03-11T09:34:07","date_gmt":"2025-03-11T08:34:07","guid":{"rendered":"https:\/\/wasowo.pl\/geschaeftsordnung\/"},"modified":"2025-03-11T09:34:07","modified_gmt":"2025-03-11T08:34:07","slug":"geschaeftsordnung","status":"publish","type":"page","link":"https:\/\/wasowo.pl\/de\/geschaeftsordnung\/","title":{"rendered":"Gesch\u00e4ftsordnung"},"content":{"rendered":"<p><iframe src=\"https:\/\/drive.google.com\/file\/d\/1zwZ1DrfRqzC_VQM-gTJEXHuMzN_yqVOV\/preview\" width=\"640\" height=\"480\"><\/iframe><\/p>\n","protected":false},"excerpt":{"rendered":"","protected":false},"author":1,"featured_media":0,"parent":0,"menu_order":0,"comment_status":"closed","ping_status":"closed","template":"","meta":{"inline_featured_image":false,"footnotes":""},"class_list":["post-23663","page","type-page","status-publish","hentry"],"yoast_head":"<!-- This site is optimized with the Yoast SEO plugin v24.8 - https:\/\/yoast.com\/wordpress\/plugins\/seo\/ -->\n<title>Gesch\u00e4ftsordnung - Pa\u0142ac W\u0105sowo<\/title>\n<meta name=\"robots\" content=\"index, follow, max-snippet:-1, max-image-preview:large, max-video-preview:-1\" \/>\n<link rel=\"canonical\" href=\"https:\/\/wasowo.pl\/de\/geschaeftsordnung\/\" \/>\n<meta property=\"og:locale\" content=\"de_DE\" \/>\n<meta property=\"og:type\" content=\"article\" \/>\n<meta property=\"og:title\" content=\"Gesch\u00e4ftsordnung - Pa\u0142ac W\u0105sowo\" \/>\n<meta property=\"og:url\" content=\"https:\/\/wasowo.pl\/de\/geschaeftsordnung\/\" \/>\n<meta property=\"og:site_name\" content=\"Pa\u0142ac W\u0105sowo\" \/>\n<meta name=\"twitter:card\" content=\"summary_large_image\" \/>\n<!-- \/ Yoast SEO plugin. -->","yoast_head_json":{"title":"Gesch\u00e4ftsordnung - Pa\u0142ac W\u0105sowo","robots":{"index":"index","follow":"follow","max-snippet":"max-snippet:-1","max-image-preview":"max-image-preview:large","max-video-preview":"max-video-preview:-1"},"canonical":"https:\/\/wasowo.pl\/de\/geschaeftsordnung\/","og_locale":"de_DE","og_type":"article","og_title":"Gesch\u00e4ftsordnung - Pa\u0142ac W\u0105sowo","og_url":"https:\/\/wasowo.pl\/de\/geschaeftsordnung\/","og_site_name":"Pa\u0142ac W\u0105sowo","twitter_card":"summary_large_image","schema":{"@context":"https:\/\/schema.org","@graph":[{"@type":"WebPage","@id":"https:\/\/wasowo.pl\/de\/geschaeftsordnung\/","url":"https:\/\/wasowo.pl\/de\/geschaeftsordnung\/","name":"Gesch\u00e4ftsordnung - Pa\u0142ac W\u0105sowo","isPartOf":{"@id":"https:\/\/wasowo.pl\/de\/#website"},"datePublished":"2025-03-11T08:34:07+00:00","breadcrumb":{"@id":"https:\/\/wasowo.pl\/de\/geschaeftsordnung\/#breadcrumb"},"inLanguage":"de","potentialAction":[{"@type":"ReadAction","target":["https:\/\/wasowo.pl\/de\/geschaeftsordnung\/"]}]},{"@type":"BreadcrumbList","@id":"https:\/\/wasowo.pl\/de\/geschaeftsordnung\/#breadcrumb","itemListElement":[{"@type":"ListItem","position":1,"name":"Strona g\u0142\u00f3wna","item":"https:\/\/wasowo.pl\/de\/"},{"@type":"ListItem","position":2,"name":"Gesch\u00e4ftsordnung"}]},{"@type":"WebSite","@id":"https:\/\/wasowo.pl\/de\/#website","url":"https:\/\/wasowo.pl\/de\/","name":"Pa\u0142ac W\u0105sowo","description":"","potentialAction":[{"@type":"SearchAction","target":{"@type":"EntryPoint","urlTemplate":"https:\/\/wasowo.pl\/de\/?s={search_term_string}"},"query-input":{"@type":"PropertyValueSpecification","valueRequired":true,"valueName":"search_term_string"}}],"inLanguage":"de"}]}},"_links":{"self":[{"href":"https:\/\/wasowo.pl\/de\/wp-json\/wp\/v2\/pages\/23663","targetHints":{"allow":["GET"]}}],"collection":[{"href":"https:\/\/wasowo.pl\/de\/wp-json\/wp\/v2\/pages"}],"about":[{"href":"https:\/\/wasowo.pl\/de\/wp-json\/wp\/v2\/types\/page"}],"author":[{"embeddable":true,"href":"https:\/\/wasowo.pl\/de\/wp-json\/wp\/v2\/users\/1"}],"replies":[{"embeddable":true,"href":"https:\/\/wasowo.pl\/de\/wp-json\/wp\/v2\/comments?post=23663"}],"version-history":[{"count":0,"href":"https:\/\/wasowo.pl\/de\/wp-json\/wp\/v2\/pages\/23663\/revisions"}],"wp:attachment":[{"href":"https:\/\/wasowo.pl\/de\/wp-json\/wp\/v2\/media?parent=23663"}],"curies":[{"name":"wp","href":"https:\/\/api.w.org\/{rel}","templated":true}]}}