{"id":23677,"date":"2024-12-16T09:41:46","date_gmt":"2024-12-16T08:41:46","guid":{"rendered":"https:\/\/wasowo.pl\/besondere-angebote\/senior-paket\/"},"modified":"2025-04-15T15:03:00","modified_gmt":"2025-04-15T13:03:00","slug":"senior-paket","status":"publish","type":"page","link":"https:\/\/wasowo.pl\/de\/besondere-angebote\/senior-paket\/","title":{"rendered":"Senior-Paket"},"content":{"rendered":"\t\t<div data-elementor-type=\"wp-page\" data-elementor-id=\"23677\" class=\"elementor elementor-23677 elementor-19290\">\n\t\t\t\t        <section class=\"elementor-section elementor-top-section elementor-element elementor-element-7bf41c3 elementor-section-boxed elementor-section-height-default elementor-section-height-default pxl-section-static-pos-no pxl-section-overflow-hidden-no pxl-container-margin-auto-no\" data-id=\"7bf41c3\" data-element_type=\"section\">\n\n                \n                <div class=\"elementor-container elementor-column-gap-default \">\n                <div class=\"elementor-column elementor-col-66 elementor-top-column elementor-element elementor-element-f80ddc7 col-offset-none pxl-column-element-default pxl-column-overflow-hidden-no\" data-id=\"f80ddc7\" data-element_type=\"column\">\r\n        <div class=\"elementor-widget-wrap elementor-element-populated\">\r\n                    \t\t<div class=\"elementor-element elementor-element-953f702 elementor-widget elementor-widget-pxl_heading\" data-id=\"953f702\" data-element_type=\"widget\" data-widget_type=\"pxl_heading.default\">\n\t\t\t\t<div class=\"elementor-widget-container\">\n\t\t\t\t\t<div class=\"pxl-heading-wrap d-flex\">\n    <div class=\"pxl-heading-inner  \">\n                <h2 class=\"heading-title\">\n                        Preis: 770 PLN\/Person         <\/h2>\n            <\/div>\n<\/div>\n\n\t\t\t\t<\/div>\n\t\t\t\t<\/div>\n\t\t\t\t<div class=\"elementor-element elementor-element-c345ed5 elementor-widget elementor-widget-pxl_text_editor\" data-id=\"c345ed5\" data-element_type=\"widget\" data-widget_type=\"pxl_text_editor.default\">\n\t\t\t\t<div class=\"elementor-widget-container\">\n\t\t\t\t\t<div id=\"pxl_text_editor-c345ed5-2043\" class=\"pxl-text-editor-wrap d-flex \" >\n\t<div class=\"pxl-text-editor elementor-clearfix\">\n\t\t<p>Das Paket ist von Sonntag bis Donnerstag f\u00fcr Menschen \u00fcber 60 g\u00fcltig. Eine Traumruhe im Busen der Natur!<\/p>\t\t\n\t<\/div>\n<\/div>\t\t\t\t<\/div>\n\t\t\t\t<\/div>\n\t\t\t\t<div class=\"elementor-element elementor-element-2c6512f elementor-widget elementor-widget-pxl_divider\" data-id=\"2c6512f\" data-element_type=\"widget\" data-widget_type=\"pxl_divider.default\">\n\t\t\t\t<div class=\"elementor-widget-container\">\n\t\t\t\t\t<div class=\"pxl-divider horizontal animated normal\"><div class=\"pxl-divider-separator\"><\/div><\/div>\t\t\t\t<\/div>\n\t\t\t\t<\/div>\n\t\t\t\t<div class=\"elementor-element elementor-element-326fb5b elementor-widget elementor-widget-pxl_heading\" data-id=\"326fb5b\" data-element_type=\"widget\" data-widget_type=\"pxl_heading.default\">\n\t\t\t\t<div class=\"elementor-widget-container\">\n\t\t\t\t\t<div class=\"pxl-heading-wrap d-flex\">\n    <div class=\"pxl-heading-inner  \">\n                <h3 class=\"heading-title\">\n                        Was das Paket enth\u00e4lt:         <\/h3>\n            <\/div>\n<\/div>\n\n\t\t\t\t<\/div>\n\t\t\t\t<\/div>\n\t\t\t\t<div class=\"elementor-element elementor-element-0b29d62 elementor-widget elementor-widget-pxl_list_style\" data-id=\"0b29d62\" data-element_type=\"widget\" data-widget_type=\"pxl_list_style.default\">\n\t\t\t\t<div class=\"elementor-widget-container\">\n\t\t\t\t\t    <div class=\"pxl-list-style icon d-flex-wrap flex-column\">\r\n                    <div class=\"list-item d-flex \" >\r\n                 \r\n                    <div class=\"list-icon\">\r\n                        <i aria-hidden=\"true\" class=\"fas fa-angle-double-right\"><\/i>                            \r\n                    <\/div>\r\n                                                            \t<div class=\"list-content\">\r\n                                \t   <p>Zwei N\u00e4chte in einem Doppelzimmer mit Fr\u00fchst\u00fcck<\/p>\n                    \t            <\/div>\r\n           <\/div>\r\n                    <div class=\"list-item d-flex \" >\r\n                 \r\n                    <div class=\"list-icon\">\r\n                        <i aria-hidden=\"true\" class=\"fas fa-angle-double-right\"><\/i>                            \r\n                    <\/div>\r\n                                                            \t<div class=\"list-content\">\r\n                                \t   <p>Zwei Abendessen\/Gutschein zur Verwendung in einem Palastrestaurant im Wert von PLN 150<\/p>\n                    \t            <\/div>\r\n           <\/div>\r\n                    <div class=\"list-item d-flex \" >\r\n                 \r\n                    <div class=\"list-icon\">\r\n                        <i aria-hidden=\"true\" class=\"fas fa-angle-double-right\"><\/i>                            \r\n                    <\/div>\r\n                                                            \t<div class=\"list-content\">\r\n                                \t   <p>Aromatische Massage des ganzen K\u00f6rpers f\u00fcr zwei<\/p>\n                    \t            <\/div>\r\n           <\/div>\r\n                    <div class=\"list-item d-flex \" >\r\n                 \r\n                    <div class=\"list-icon\">\r\n                        <i aria-hidden=\"true\" class=\"fas fa-angle-double-right\"><\/i>                            \r\n                    <\/div>\r\n                                                            \t<div class=\"list-content\">\r\n                                \t   <p>\u00dcberraschung aus dem Hotel<\/p>\n                    \t            <\/div>\r\n           <\/div>\r\n                    <div class=\"list-item d-flex \" >\r\n                 \r\n                    <div class=\"list-icon\">\r\n                        <i aria-hidden=\"true\" class=\"fas fa-angle-double-right\"><\/i>                            \r\n                    <\/div>\r\n                                                            \t<div class=\"list-content\">\r\n                                \t   <p>Kaffee- und Teebrauen -Kit<\/p>\n                    \t            <\/div>\r\n           <\/div>\r\n                    <div class=\"list-item d-flex \" >\r\n                 \r\n                    <div class=\"list-icon\">\r\n                        <i aria-hidden=\"true\" class=\"fas fa-angle-double-right\"><\/i>                            \r\n                    <\/div>\r\n                                                            \t<div class=\"list-content\">\r\n                                \t   <p>Kostenlose Parkpl\u00e4tze im Hotel<\/p>\n                    \t            <\/div>\r\n           <\/div>\r\n                    <div class=\"list-item d-flex \" >\r\n                 \r\n                    <div class=\"list-icon\">\r\n                        <i aria-hidden=\"true\" class=\"fas fa-angle-double-right\"><\/i>                            \r\n                    <\/div>\r\n                                                            \t<div class=\"list-content\">\r\n                                \t   <p>Billard<\/p>\n                    \t            <\/div>\r\n           <\/div>\r\n                    <div class=\"list-item d-flex \" >\r\n                 \r\n                    <div class=\"list-icon\">\r\n                        <i aria-hidden=\"true\" class=\"fas fa-angle-double-right\"><\/i>                            \r\n                    <\/div>\r\n                                                            \t<div class=\"list-content\">\r\n                                \t   <p>T\u00e4gliche Vitamininjektion: Smoothie mit einer gro\u00dfen Dosis Vitamine<\/p>\n                    \t            <\/div>\r\n           <\/div>\r\n                    <div class=\"list-item d-flex \" >\r\n                 \r\n                    <div class=\"list-icon\">\r\n                        <i aria-hidden=\"true\" class=\"fas fa-angle-double-right\"><\/i>                            \r\n                    <\/div>\r\n                                                            \t<div class=\"list-content\">\r\n                                \t   <p>Einf\u00fchrung in die Wellnesszone<\/p>\n                    \t            <\/div>\r\n           <\/div>\r\n                    <div class=\"list-item d-flex \" >\r\n                 \r\n                    <div class=\"list-icon\">\r\n                        <i aria-hidden=\"true\" class=\"fas fa-angle-double-right\"><\/i>                            \r\n                    <\/div>\r\n                                                            \t<div class=\"list-content\">\r\n                                \t   <p>Bereitstellung von Polen f\u00fcr nordisches Gehen<\/p>\n                    \t            <\/div>\r\n           <\/div>\r\n                    <div class=\"list-item d-flex \" >\r\n                 \r\n                    <div class=\"list-icon\">\r\n                        <i aria-hidden=\"true\" class=\"fas fa-angle-double-right\"><\/i>                            \r\n                    <\/div>\r\n                                                            \t<div class=\"list-content\">\r\n                                \t   <p>Bereitstellung der Badem\u00e4ntel f\u00fcr die Dauer Ihres Aufenthalts<\/p>\n                    \t            <\/div>\r\n           <\/div>\r\n                    <div class=\"list-item d-flex \" >\r\n                 \r\n                    <div class=\"list-icon\">\r\n                        <i aria-hidden=\"true\" class=\"fas fa-angle-double-right\"><\/i>                            \r\n                    <\/div>\r\n                                                            \t<div class=\"list-content\">\r\n                                \t   <p>freie wi fi<\/p>\n                    \t            <\/div>\r\n           <\/div>\r\n            <\/div>\r\n\t\t\t\t<\/div>\n\t\t\t\t<\/div>\n\t\t\t\t<div class=\"elementor-element elementor-element-14c48a5 elementor-widget elementor-widget-pxl_divider\" data-id=\"14c48a5\" data-element_type=\"widget\" data-widget_type=\"pxl_divider.default\">\n\t\t\t\t<div class=\"elementor-widget-container\">\n\t\t\t\t\t<div class=\"pxl-divider horizontal animated normal\"><div class=\"pxl-divider-separator\"><\/div><\/div>\t\t\t\t<\/div>\n\t\t\t\t<\/div>\n\t\t                    <\/div>\r\n        <\/div>\r\n                <div class=\"elementor-column elementor-col-33 elementor-top-column elementor-element elementor-element-7628518 col-offset-none pxl-column-element-default pxl-column-overflow-hidden-no\" data-id=\"7628518\" data-element_type=\"column\">\r\n        <div class=\"elementor-widget-wrap elementor-element-populated\">\r\n                            <section class=\"elementor-section elementor-inner-section elementor-element elementor-element-ac9f4ef elementor-section-boxed elementor-section-height-default elementor-section-height-default pxl-section-static-pos-no pxl-section-overflow-hidden-no pxl-container-margin-auto-no\" data-id=\"ac9f4ef\" data-element_type=\"section\">\n\n                \n                <div class=\"elementor-container elementor-column-gap-default \">\n                <div class=\"elementor-column elementor-col-100 elementor-inner-column elementor-element elementor-element-c5d62e3 col-offset-none pxl-column-element-default pxl-column-overflow-hidden-no\" data-id=\"c5d62e3\" data-element_type=\"column\">\r\n        <div class=\"elementor-widget-wrap elementor-element-populated\">\r\n                    \t\t<div class=\"elementor-element elementor-element-f7ea873 elementor-widget elementor-widget-pxl_heading\" data-id=\"f7ea873\" data-element_type=\"widget\" data-widget_type=\"pxl_heading.default\">\n\t\t\t\t<div class=\"elementor-widget-container\">\n\t\t\t\t\t<div class=\"pxl-heading-wrap d-flex\">\n    <div class=\"pxl-heading-inner  \">\n                <h4 class=\"heading-title\">\n                        Buchungsanfrage         <\/h4>\n            <\/div>\n<\/div>\n\n\t\t\t\t<\/div>\n\t\t\t\t<\/div>\n\t\t\t\t<div class=\"elementor-element elementor-element-38f6c14 pxl-contact-info-layout-1 elementor-widget elementor-widget-pxl_contact_info\" data-id=\"38f6c14\" data-element_type=\"widget\" data-widget_type=\"pxl_contact_info.default\">\n\t\t\t\t<div class=\"elementor-widget-container\">\n\t\t\t\t\t<div class=\"pxl-ci-wrap layout-1 relative \">\r\n\t<div class=\"ci-content-wrap d-flex align-items-center\">\r\n\t\t            <div class=\"ci-icon\">\r\n                <span aria-hidden=\"true\" class=\"pxl-icon pxli pxli-phone-alt\"><\/span>            <\/div>\r\n        \t\t<div class=\"ci-content\">\r\n\t\t\t\t\t\t\t<h4 class=\"ci-title\">Rufen Sie uns an<\/h4> \r\n\t\t\t\t\t\t\t\t\t\t<div class=\"ci-desc\"><a href=\"tel:697060684\">697 060 684<\/a><\/div> \r\n\t\t\t\t\t\t\t\t<\/div>\r\n\t<\/div>\r\n<\/div>\t\t\t\t<\/div>\n\t\t\t\t<\/div>\n\t\t\t\t<div class=\"elementor-element elementor-element-f82f279 elementor-widget elementor-widget-pxl_contact_form\" data-id=\"f82f279\" data-element_type=\"widget\" data-widget_type=\"pxl_contact_form.default\">\n\t\t\t\t<div class=\"elementor-widget-container\">\n\t\t\t\t\t<div class=\"pxl-cf7-wrap relative \">\r\n    \n<div class=\"wpcf7 no-js\" id=\"wpcf7-f23820-o1\" lang=\"de-DE\" dir=\"ltr\" data-wpcf7-id=\"23820\">\n<div class=\"screen-reader-response\"><p role=\"status\" aria-live=\"polite\" aria-atomic=\"true\"><\/p> <ul><\/ul><\/div>\n<form action=\"\/de\/wp-json\/wp\/v2\/pages\/23677#wpcf7-f23820-o1\" method=\"post\" class=\"wpcf7-form init\" aria-label=\"Kontaktformular\" novalidate=\"novalidate\" data-status=\"init\">\n<div style=\"display: none;\">\n<input type=\"hidden\" name=\"_wpcf7\" value=\"23820\" \/>\n<input type=\"hidden\" name=\"_wpcf7_version\" value=\"6.0.5\" \/>\n<input type=\"hidden\" name=\"_wpcf7_locale\" value=\"de_DE\" \/>\n<input type=\"hidden\" name=\"_wpcf7_unit_tag\" value=\"wpcf7-f23820-o1\" \/>\n<input type=\"hidden\" name=\"_wpcf7_container_post\" value=\"0\" \/>\n<input type=\"hidden\" name=\"_wpcf7_posted_data_hash\" value=\"\" \/>\n<input type=\"hidden\" name=\"_wpcf7dtx_version\" value=\"5.0.3\" \/>\n<input type=\"hidden\" name=\"_wpcf7_recaptcha_response\" value=\"\" \/>\n<\/div>\n<div class=\"contact-form-2 contact-form-special-offers\">\n\t<div class=\"control-item control-item-single\">\n\t\t<p><span class=\"wpcf7-form-control-wrap\" data-name=\"ihr-name\"><input size=\"40\" maxlength=\"400\" class=\"wpcf7-form-control wpcf7-text wpcf7-validates-as-required\" aria-required=\"true\" aria-invalid=\"false\" value=\"Name*.\" type=\"text\" name=\"ihr-name\" \/><\/span>\n\t\t<\/p>\n\t<\/div>\n\t<div class=\"control-item control-item-single\">\n\t\t<p><span class=\"wpcf7-form-control-wrap\" data-name=\"ihr-email\"><input size=\"40\" maxlength=\"400\" class=\"wpcf7-form-control wpcf7-email wpcf7-validates-as-required wpcf7-text wpcf7-validates-as-email\" aria-required=\"true\" aria-invalid=\"false\" value=\"E-Mail*\" type=\"email\" name=\"ihr-email\" \/><\/span>\n\t\t<\/p>\n\t<\/div>\n\t<div class=\"control-item control-item-single\">\n\t\t<p><span class=\"wpcf7-form-control-wrap\" data-name=\"phone-number\"><input size=\"40\" maxlength=\"400\" class=\"wpcf7-form-control wpcf7-tel wpcf7-text wpcf7-validates-as-tel\" aria-invalid=\"false\" placeholder=\"Telefon Nummer\" value=\"\" type=\"tel\" name=\"phone-number\" \/><\/span>\n\t\t<\/p>\n\t<\/div>\n\t<div class=\"control-item control-item-single\">\n\t\t<p><span class=\"wpcf7-form-control-wrap\" data-name=\"your-message\"><textarea cols=\"40\" rows=\"3\" maxlength=\"2000\" class=\"wpcf7-form-control wpcf7-textarea wpcf7-validates-as-required\" aria-required=\"true\" aria-invalid=\"false\" placeholder=\"Nachricht\" name=\"your-message\"><\/textarea><\/span>\n\t\t<\/p>\n\t<\/div>\n\t<div class=\"control-item\">\n\t\t<div class=\"form-check form-check-inline\">\n\t\t\t<p><span class=\"wpcf7-form-control-wrap\" data-name=\"data-acceptance\"><span class=\"wpcf7-form-control wpcf7-acceptance\"><span class=\"wpcf7-list-item\"><label><input type=\"checkbox\" name=\"data-acceptance\" value=\"1\" aria-invalid=\"false\" \/><span class=\"wpcf7-list-item-label\"><a href=\"\/zgoda\/#zgoda_na_przetwarzanie_danych_osobowych\" target=\"_blank\">Zustimmung zur Verarbeitung personenbezogener Daten<\/a><\/span><\/label><\/span><\/span><\/span>\n\t\t\t<\/p>\n\t\t<\/div>\n\t<\/div>\n\t<div class=\"control-item\">\n\t\t<div class=\"form-check form-check-inline\">\n\t\t\t<p><span class=\"wpcf7-form-control-wrap\" data-name=\"email-acceptance\"><span class=\"wpcf7-form-control wpcf7-acceptance\"><span class=\"wpcf7-list-item\"><label><input type=\"checkbox\" name=\"email-acceptance\" value=\"1\" aria-invalid=\"false\" \/><span class=\"wpcf7-list-item-label\"><a href=\"\/zgoda\/#zgoda_na_kontakt_emailowy\" target=\"_blank\">Einverst\u00e4ndnis zum E-Mail-Kontakt<\/a><\/span><\/label><\/span><\/span><\/span>\n\t\t\t<\/p>\n\t\t<\/div>\n\t<\/div>\n\t<div class=\"control-item\">\n\t\t<div class=\"form-check form-check-inline\">\n\t\t\t<p><span class=\"wpcf7-form-control-wrap\" data-name=\"phone-acceptance\"><span class=\"wpcf7-form-control wpcf7-acceptance\"><span class=\"wpcf7-list-item\"><label><input type=\"checkbox\" name=\"phone-acceptance\" value=\"1\" aria-invalid=\"false\" \/><span class=\"wpcf7-list-item-label\"><a href=\"\/zgoda\/#zgoda_na_kontakt_telefoniczny\" target=\"_blank\">Zustimmung zum telefonischen Kontakt<\/a><\/span><\/label><\/span><\/span><\/span>\n\t\t\t<\/p>\n\t\t<\/div>\n\t<\/div>\n\t<div class=\"control-item btn-form\">\n\t\t<p><input class=\"wpcf7-form-control wpcf7-submit has-spinner pxl-btn\" type=\"submit\" value=\"Senden\" \/>.\n\t\t<\/p>\n\t<\/div>\n<\/div>\n<span class=\"wpcf7-form-control-wrap offer-name\" data-name=\"offer-name\"><input type=\"hidden\" name=\"offer-name\" class=\"wpcf7-form-control wpcf7-hidden wpcf7dtx wpcf7dtx-hidden\" aria-invalid=\"false\" value=\"Senior-Paket\"><\/span><div class=\"wpcf7-response-output\" aria-hidden=\"true\"><\/div>\n<\/form>\n<\/div>\n \r\n<\/div>\t\t\t\t<\/div>\n\t\t\t\t<\/div>\n\t\t                    <\/div>\r\n        <\/div>\r\n        \t\t\t<\/div>\n\t\t<\/section>\n\t\t                    <\/div>\r\n        <\/div>\r\n        \t\t\t<\/div>\n\t\t<\/section>\n\t\t        <section class=\"elementor-section elementor-top-section elementor-element elementor-element-708c9a0 elementor-section-boxed elementor-section-height-default elementor-section-height-default pxl-section-static-pos-no pxl-section-overflow-hidden-no pxl-container-margin-auto-no\" data-id=\"708c9a0\" data-element_type=\"section\">\n\n                \n                <div class=\"elementor-container elementor-column-gap-default \">\n                <div class=\"elementor-column elementor-col-33 elementor-top-column elementor-element elementor-element-1032d0b pxl-column-overflow-hidden-yes col-offset-none pxl-column-element-default pxl-pll-transform\" data-id=\"1032d0b\" data-element_type=\"column\">\r\n        <div class=\"elementor-widget-wrap elementor-element-populated\">\r\n            <div class=\"pxl-column-bg-parallax-outer\"><div class=\"pxl-column-bg-parallax\" data-parallax=\"{&quot;y&quot;:-100}\"><\/div><\/div>        \t\t<div class=\"elementor-element elementor-element-8b63f1d elementor-widget elementor-widget-spacer\" data-id=\"8b63f1d\" data-element_type=\"widget\" data-widget_type=\"spacer.default\">\n\t\t\t\t<div class=\"elementor-widget-container\">\n\t\t\t\t\t\t\t<div class=\"elementor-spacer\">\n\t\t\t<div class=\"elementor-spacer-inner\"><\/div>\n\t\t<\/div>\n\t\t\t\t\t\t<\/div>\n\t\t\t\t<\/div>\n\t\t                    <\/div>\r\n        <\/div>\r\n                <div class=\"elementor-column elementor-col-33 elementor-top-column elementor-element elementor-element-577d659 pxl-column-overflow-hidden-yes col-offset-none pxl-column-element-default pxl-pll-transform\" data-id=\"577d659\" data-element_type=\"column\">\r\n        <div class=\"elementor-widget-wrap elementor-element-populated\">\r\n            <div class=\"pxl-column-bg-parallax-outer\"><div class=\"pxl-column-bg-parallax\" data-parallax=\"{&quot;y&quot;:100}\"><\/div><\/div>        \t\t<div class=\"elementor-element elementor-element-25cd81f elementor-widget elementor-widget-spacer\" data-id=\"25cd81f\" data-element_type=\"widget\" data-widget_type=\"spacer.default\">\n\t\t\t\t<div class=\"elementor-widget-container\">\n\t\t\t\t\t\t\t<div class=\"elementor-spacer\">\n\t\t\t<div class=\"elementor-spacer-inner\"><\/div>\n\t\t<\/div>\n\t\t\t\t\t\t<\/div>\n\t\t\t\t<\/div>\n\t\t                    <\/div>\r\n        <\/div>\r\n                <div class=\"elementor-column elementor-col-33 elementor-top-column elementor-element elementor-element-c1b7516 pxl-column-overflow-hidden-yes col-offset-none pxl-column-element-default pxl-pll-transform\" data-id=\"c1b7516\" data-element_type=\"column\">\r\n        <div class=\"elementor-widget-wrap elementor-element-populated\">\r\n            <div class=\"pxl-column-bg-parallax-outer\"><div class=\"pxl-column-bg-parallax\" data-parallax=\"{&quot;y&quot;:-100}\"><\/div><\/div>        \t\t<div class=\"elementor-element elementor-element-51fbd96 elementor-widget elementor-widget-spacer\" data-id=\"51fbd96\" data-element_type=\"widget\" data-widget_type=\"spacer.default\">\n\t\t\t\t<div class=\"elementor-widget-container\">\n\t\t\t\t\t\t\t<div class=\"elementor-spacer\">\n\t\t\t<div class=\"elementor-spacer-inner\"><\/div>\n\t\t<\/div>\n\t\t\t\t\t\t<\/div>\n\t\t\t\t<\/div>\n\t\t                    <\/div>\r\n        <\/div>\r\n        \t\t\t<\/div>\n\t\t<\/section>\n\t\t\t\t<\/div>\n\t\t","protected":false},"excerpt":{"rendered":"<p>Preis: 770 PLN\/Person Das Paket ist von Sonntag bis Donnerstag f\u00fcr Menschen \u00fcber 60 g\u00fcltig. Eine Traumruhe im Busen der Natur! Was das Paket enth\u00e4lt: Zwei N\u00e4chte in einem Doppelzimmer mit Fr\u00fchst\u00fcck Zwei Abendessen\/Gutschein zur Verwendung in einem Palastrestaurant im Wert von PLN 150 Aromatische Massage des ganzen K\u00f6rpers f\u00fcr zwei \u00dcberraschung aus dem Hotel [&hellip;]<\/p>\n","protected":false},"author":1,"featured_media":0,"parent":23669,"menu_order":0,"comment_status":"closed","ping_status":"closed","template":"","meta":{"inline_featured_image":false,"footnotes":""},"class_list":["post-23677","page","type-page","status-publish","hentry"],"yoast_head":"<!-- This site is optimized with the Yoast SEO plugin v24.8 - https:\/\/yoast.com\/wordpress\/plugins\/seo\/ -->\n<title>Senior Paket | Schloss W\u0105sowo<\/title>\n<meta name=\"description\" content=\"Ein 5-t\u00e4giger Aufenthalt f\u00fcr Menschen \u00fcber 60. Ein Traumurlaub in der Natur!\" \/>\n<meta name=\"robots\" content=\"index, follow, max-snippet:-1, max-image-preview:large, max-video-preview:-1\" \/>\n<link rel=\"canonical\" href=\"https:\/\/wasowo.pl\/de\/besondere-angebote\/senior-paket\/\" \/>\n<meta property=\"og:locale\" content=\"de_DE\" \/>\n<meta property=\"og:type\" content=\"article\" \/>\n<meta property=\"og:title\" content=\"Senior Paket | Schloss W\u0105sowo\" \/>\n<meta property=\"og:description\" content=\"Ein 5-t\u00e4giger Aufenthalt f\u00fcr Menschen \u00fcber 60. Ein Traumurlaub in der Natur!\" \/>\n<meta property=\"og:url\" content=\"https:\/\/wasowo.pl\/de\/besondere-angebote\/senior-paket\/\" \/>\n<meta property=\"og:site_name\" content=\"Pa\u0142ac W\u0105sowo\" \/>\n<meta property=\"article:modified_time\" content=\"2025-04-15T13:03:00+00:00\" \/>\n<meta name=\"twitter:card\" content=\"summary_large_image\" \/>\n<meta name=\"twitter:label1\" content=\"Gesch\u00e4tzte Lesezeit\" \/>\n\t<meta name=\"twitter:data1\" content=\"1\u00a0Minute\" \/>\n<!-- \/ Yoast SEO plugin. -->","yoast_head_json":{"title":"Senior Paket | Schloss W\u0105sowo","description":"Ein 5-t\u00e4giger Aufenthalt f\u00fcr Menschen \u00fcber 60. Ein Traumurlaub in der Natur!","robots":{"index":"index","follow":"follow","max-snippet":"max-snippet:-1","max-image-preview":"max-image-preview:large","max-video-preview":"max-video-preview:-1"},"canonical":"https:\/\/wasowo.pl\/de\/besondere-angebote\/senior-paket\/","og_locale":"de_DE","og_type":"article","og_title":"Senior Paket | Schloss W\u0105sowo","og_description":"Ein 5-t\u00e4giger Aufenthalt f\u00fcr Menschen \u00fcber 60. Ein Traumurlaub in der Natur!","og_url":"https:\/\/wasowo.pl\/de\/besondere-angebote\/senior-paket\/","og_site_name":"Pa\u0142ac W\u0105sowo","article_modified_time":"2025-04-15T13:03:00+00:00","twitter_card":"summary_large_image","twitter_misc":{"Gesch\u00e4tzte Lesezeit":"1\u00a0Minute"},"schema":{"@context":"https:\/\/schema.org","@graph":[{"@type":"WebPage","@id":"https:\/\/wasowo.pl\/de\/besondere-angebote\/senior-paket\/","url":"https:\/\/wasowo.pl\/de\/besondere-angebote\/senior-paket\/","name":"Senior Paket | Schloss W\u0105sowo","isPartOf":{"@id":"https:\/\/wasowo.pl\/de\/#website"},"datePublished":"2024-12-16T08:41:46+00:00","dateModified":"2025-04-15T13:03:00+00:00","description":"Ein 5-t\u00e4giger Aufenthalt f\u00fcr Menschen \u00fcber 60. Ein Traumurlaub in der Natur!","breadcrumb":{"@id":"https:\/\/wasowo.pl\/de\/besondere-angebote\/senior-paket\/#breadcrumb"},"inLanguage":"de","potentialAction":[{"@type":"ReadAction","target":["https:\/\/wasowo.pl\/de\/besondere-angebote\/senior-paket\/"]}]},{"@type":"BreadcrumbList","@id":"https:\/\/wasowo.pl\/de\/besondere-angebote\/senior-paket\/#breadcrumb","itemListElement":[{"@type":"ListItem","position":1,"name":"Strona g\u0142\u00f3wna","item":"https:\/\/wasowo.pl\/de\/"},{"@type":"ListItem","position":2,"name":"Besondere Angebote","item":"https:\/\/wasowo.pl\/de\/besondere-angebote\/"},{"@type":"ListItem","position":3,"name":"Senior-Paket"}]},{"@type":"WebSite","@id":"https:\/\/wasowo.pl\/de\/#website","url":"https:\/\/wasowo.pl\/de\/","name":"Pa\u0142ac W\u0105sowo","description":"","potentialAction":[{"@type":"SearchAction","target":{"@type":"EntryPoint","urlTemplate":"https:\/\/wasowo.pl\/de\/?s={search_term_string}"},"query-input":{"@type":"PropertyValueSpecification","valueRequired":true,"valueName":"search_term_string"}}],"inLanguage":"de"}]}},"_links":{"self":[{"href":"https:\/\/wasowo.pl\/de\/wp-json\/wp\/v2\/pages\/23677","targetHints":{"allow":["GET"]}}],"collection":[{"href":"https:\/\/wasowo.pl\/de\/wp-json\/wp\/v2\/pages"}],"about":[{"href":"https:\/\/wasowo.pl\/de\/wp-json\/wp\/v2\/types\/page"}],"author":[{"embeddable":true,"href":"https:\/\/wasowo.pl\/de\/wp-json\/wp\/v2\/users\/1"}],"replies":[{"embeddable":true,"href":"https:\/\/wasowo.pl\/de\/wp-json\/wp\/v2\/comments?post=23677"}],"version-history":[{"count":4,"href":"https:\/\/wasowo.pl\/de\/wp-json\/wp\/v2\/pages\/23677\/revisions"}],"predecessor-version":[{"id":24147,"href":"https:\/\/wasowo.pl\/de\/wp-json\/wp\/v2\/pages\/23677\/revisions\/24147"}],"up":[{"embeddable":true,"href":"https:\/\/wasowo.pl\/de\/wp-json\/wp\/v2\/pages\/23669"}],"wp:attachment":[{"href":"https:\/\/wasowo.pl\/de\/wp-json\/wp\/v2\/media?parent=23677"}],"curies":[{"name":"wp","href":"https:\/\/api.w.org\/{rel}","templated":true}]}}