{"id":23679,"date":"2024-12-16T10:05:41","date_gmt":"2024-12-16T09:05:41","guid":{"rendered":"https:\/\/wasowo.pl\/besondere-angebote\/entspannung-bei-gluehwein\/"},"modified":"2025-04-15T15:06:23","modified_gmt":"2025-04-15T13:06:23","slug":"entspannung-bei-gluehwein","status":"publish","type":"page","link":"https:\/\/wasowo.pl\/de\/besondere-angebote\/entspannung-bei-gluehwein\/","title":{"rendered":"Entspannung bei Gl\u00fchwein"},"content":{"rendered":"\t\t<div data-elementor-type=\"wp-page\" data-elementor-id=\"23679\" class=\"elementor elementor-23679 elementor-19298\">\n\t\t\t\t        <section class=\"elementor-section elementor-top-section elementor-element elementor-element-48c066b elementor-section-boxed elementor-section-height-default elementor-section-height-default pxl-section-static-pos-no pxl-section-overflow-hidden-no pxl-container-margin-auto-no\" data-id=\"48c066b\" data-element_type=\"section\">\n\n                \n                <div class=\"elementor-container elementor-column-gap-default \">\n                <div class=\"elementor-column elementor-col-66 elementor-top-column elementor-element elementor-element-20b5fc2 col-offset-none pxl-column-element-default pxl-column-overflow-hidden-no\" data-id=\"20b5fc2\" data-element_type=\"column\">\r\n        <div class=\"elementor-widget-wrap elementor-element-populated\">\r\n                    \t\t<div class=\"elementor-element elementor-element-8e7d0fc elementor-widget elementor-widget-pxl_heading\" data-id=\"8e7d0fc\" data-element_type=\"widget\" data-widget_type=\"pxl_heading.default\">\n\t\t\t\t<div class=\"elementor-widget-container\">\n\t\t\t\t\t<div class=\"pxl-heading-wrap d-flex\">\n    <div class=\"pxl-heading-inner  \">\n                <h2 class=\"heading-title\">\n                        Preis: 360 PLN\/Person Dauer: 90 - 120 min.         <\/h2>\n            <\/div>\n<\/div>\n\n\t\t\t\t<\/div>\n\t\t\t\t<\/div>\n\t\t\t\t<div class=\"elementor-element elementor-element-95b4267 elementor-widget elementor-widget-pxl_text_editor\" data-id=\"95b4267\" data-element_type=\"widget\" data-widget_type=\"pxl_text_editor.default\">\n\t\t\t\t<div class=\"elementor-widget-container\">\n\t\t\t\t\t<div id=\"pxl_text_editor-95b4267-9640\" class=\"pxl-text-editor-wrap d-flex \" >\n\t<div class=\"pxl-text-editor elementor-clearfix\">\n\t\t<p>Wir laden Sie zum Herbst-Winter-Paket im Spa-Palast ein. Verwenden Sie das festes Sch\u00e4len mit einer orangefarbenen Zinnamon -Note auf einem hei\u00dfen Tisch. Eine Behandlung endete mit einer entspannenden Massage, Gl\u00fchwein, um angenehme Empfindungen zu kronen<\/p>\t\t\n\t<\/div>\n<\/div>\t\t\t\t<\/div>\n\t\t\t\t<\/div>\n\t\t\t\t<div class=\"elementor-element elementor-element-f9ec1dc elementor-widget elementor-widget-pxl_divider\" data-id=\"f9ec1dc\" data-element_type=\"widget\" data-widget_type=\"pxl_divider.default\">\n\t\t\t\t<div class=\"elementor-widget-container\">\n\t\t\t\t\t<div class=\"pxl-divider horizontal animated normal\"><div class=\"pxl-divider-separator\"><\/div><\/div>\t\t\t\t<\/div>\n\t\t\t\t<\/div>\n\t\t\t\t<div class=\"elementor-element elementor-element-cb0a5d4 elementor-widget elementor-widget-pxl_heading\" data-id=\"cb0a5d4\" data-element_type=\"widget\" data-widget_type=\"pxl_heading.default\">\n\t\t\t\t<div class=\"elementor-widget-container\">\n\t\t\t\t\t<div class=\"pxl-heading-wrap d-flex\">\n    <div class=\"pxl-heading-inner  \">\n                <h3 class=\"heading-title\">\n                        Was das Paket enth\u00e4lt:         <\/h3>\n            <\/div>\n<\/div>\n\n\t\t\t\t<\/div>\n\t\t\t\t<\/div>\n\t\t\t\t<div class=\"elementor-element elementor-element-cb03c9f elementor-widget elementor-widget-pxl_list_style\" data-id=\"cb03c9f\" data-element_type=\"widget\" data-widget_type=\"pxl_list_style.default\">\n\t\t\t\t<div class=\"elementor-widget-container\">\n\t\t\t\t\t    <div class=\"pxl-list-style bullet d-flex-wrap flex-column\">\r\n                    <div class=\"list-item d-flex \" >\r\n                                                            \t<div class=\"list-content\">\r\n                                \t   <p>orange -Zinnamon -Sch\u00e4len des gesamten K\u00f6rpers,<\/p>\n                    \t            <\/div>\r\n           <\/div>\r\n                    <div class=\"list-item d-flex \" >\r\n                                                            \t<div class=\"list-content\">\r\n                                \t   <p>aromatische Massage Glanz,<\/p>\n                    \t            <\/div>\r\n           <\/div>\r\n                    <div class=\"list-item d-flex \" >\r\n                                                            \t<div class=\"list-content\">\r\n                                \t   <p>Glanzwein oder w\u00e4rmende Tee,<\/p>\n                    \t            <\/div>\r\n           <\/div>\r\n                    <div class=\"list-item d-flex \" >\r\n                                                            \t<div class=\"list-content\">\r\n                                \t   <p>Zugang zur Wellnesszone: Schwimmbad, trockene Sauna und Dampfsauna.<\/p>\n                    \t            <\/div>\r\n           <\/div>\r\n            <\/div>\r\n\t\t\t\t<\/div>\n\t\t\t\t<\/div>\n\t\t\t\t<div class=\"elementor-element elementor-element-dd718fb elementor-widget elementor-widget-pxl_divider\" data-id=\"dd718fb\" data-element_type=\"widget\" data-widget_type=\"pxl_divider.default\">\n\t\t\t\t<div class=\"elementor-widget-container\">\n\t\t\t\t\t<div class=\"pxl-divider horizontal animated normal\"><div class=\"pxl-divider-separator\"><\/div><\/div>\t\t\t\t<\/div>\n\t\t\t\t<\/div>\n\t\t\t\t<div class=\"elementor-element elementor-element-22e8266 elementor-widget elementor-widget-pxl_text_editor\" data-id=\"22e8266\" data-element_type=\"widget\" data-widget_type=\"pxl_text_editor.default\">\n\t\t\t\t<div class=\"elementor-widget-container\">\n\t\t\t\t\t<div id=\"pxl_text_editor-22e8266-1867\" class=\"pxl-text-editor-wrap d-flex \" >\n\t<div class=\"pxl-text-editor elementor-clearfix\">\n\t\t<p>Das Palace Spa bietet den G\u00e4sten eine breite Palette von Massagen, Ritualen und Schalen mit professioneller Kosmetik.<\/p>\t\t\n\t<\/div>\n<\/div>\t\t\t\t<\/div>\n\t\t\t\t<\/div>\n\t\t                    <\/div>\r\n        <\/div>\r\n                <div class=\"elementor-column elementor-col-33 elementor-top-column elementor-element elementor-element-6f8c272 col-offset-none pxl-column-element-default pxl-column-overflow-hidden-no\" data-id=\"6f8c272\" data-element_type=\"column\">\r\n        <div class=\"elementor-widget-wrap elementor-element-populated\">\r\n                            <section class=\"elementor-section elementor-inner-section elementor-element elementor-element-de0d412 elementor-section-boxed elementor-section-height-default elementor-section-height-default pxl-section-static-pos-no pxl-section-overflow-hidden-no pxl-container-margin-auto-no\" data-id=\"de0d412\" data-element_type=\"section\">\n\n                \n                <div class=\"elementor-container elementor-column-gap-default \">\n                <div class=\"elementor-column elementor-col-100 elementor-inner-column elementor-element elementor-element-1f7ffd5 col-offset-none pxl-column-element-default pxl-column-overflow-hidden-no\" data-id=\"1f7ffd5\" data-element_type=\"column\">\r\n        <div class=\"elementor-widget-wrap elementor-element-populated\">\r\n                    \t\t<div class=\"elementor-element elementor-element-70aa776 elementor-widget elementor-widget-pxl_heading\" data-id=\"70aa776\" data-element_type=\"widget\" data-widget_type=\"pxl_heading.default\">\n\t\t\t\t<div class=\"elementor-widget-container\">\n\t\t\t\t\t<div class=\"pxl-heading-wrap d-flex\">\n    <div class=\"pxl-heading-inner  \">\n                <h4 class=\"heading-title\">\n                        Buchungsanfrage         <\/h4>\n            <\/div>\n<\/div>\n\n\t\t\t\t<\/div>\n\t\t\t\t<\/div>\n\t\t\t\t<div class=\"elementor-element elementor-element-7a99393 pxl-contact-info-layout-1 elementor-widget elementor-widget-pxl_contact_info\" data-id=\"7a99393\" data-element_type=\"widget\" data-widget_type=\"pxl_contact_info.default\">\n\t\t\t\t<div class=\"elementor-widget-container\">\n\t\t\t\t\t<div class=\"pxl-ci-wrap layout-1 relative \">\r\n\t<div class=\"ci-content-wrap d-flex align-items-center\">\r\n\t\t            <div class=\"ci-icon\">\r\n                <span aria-hidden=\"true\" class=\"pxl-icon pxli pxli-phone-alt\"><\/span>            <\/div>\r\n        \t\t<div class=\"ci-content\">\r\n\t\t\t\t\t\t\t<h4 class=\"ci-title\">Rufen Sie uns an<\/h4> \r\n\t\t\t\t\t\t\t\t\t\t<div class=\"ci-desc\"><a href=\"tel:697060684\">697 060 684<\/a><\/div> \r\n\t\t\t\t\t\t\t\t<\/div>\r\n\t<\/div>\r\n<\/div>\t\t\t\t<\/div>\n\t\t\t\t<\/div>\n\t\t\t\t<div class=\"elementor-element elementor-element-efbc690 elementor-widget elementor-widget-pxl_contact_form\" data-id=\"efbc690\" data-element_type=\"widget\" data-widget_type=\"pxl_contact_form.default\">\n\t\t\t\t<div class=\"elementor-widget-container\">\n\t\t\t\t\t<div class=\"pxl-cf7-wrap relative \">\r\n    \n<div class=\"wpcf7 no-js\" id=\"wpcf7-f23820-o1\" lang=\"de-DE\" dir=\"ltr\" data-wpcf7-id=\"23820\">\n<div class=\"screen-reader-response\"><p role=\"status\" aria-live=\"polite\" aria-atomic=\"true\"><\/p> <ul><\/ul><\/div>\n<form action=\"\/de\/wp-json\/wp\/v2\/pages\/23679#wpcf7-f23820-o1\" method=\"post\" class=\"wpcf7-form init\" aria-label=\"Kontaktformular\" novalidate=\"novalidate\" data-status=\"init\">\n<div style=\"display: none;\">\n<input type=\"hidden\" name=\"_wpcf7\" value=\"23820\" \/>\n<input type=\"hidden\" name=\"_wpcf7_version\" value=\"6.0.5\" \/>\n<input type=\"hidden\" name=\"_wpcf7_locale\" value=\"de_DE\" \/>\n<input type=\"hidden\" name=\"_wpcf7_unit_tag\" value=\"wpcf7-f23820-o1\" \/>\n<input type=\"hidden\" name=\"_wpcf7_container_post\" value=\"0\" \/>\n<input type=\"hidden\" name=\"_wpcf7_posted_data_hash\" value=\"\" \/>\n<input type=\"hidden\" name=\"_wpcf7dtx_version\" value=\"5.0.3\" \/>\n<input type=\"hidden\" name=\"_wpcf7_recaptcha_response\" value=\"\" \/>\n<\/div>\n<div class=\"contact-form-2 contact-form-special-offers\">\n\t<div class=\"control-item control-item-single\">\n\t\t<p><span class=\"wpcf7-form-control-wrap\" data-name=\"ihr-name\"><input size=\"40\" maxlength=\"400\" class=\"wpcf7-form-control wpcf7-text wpcf7-validates-as-required\" aria-required=\"true\" aria-invalid=\"false\" value=\"Name*.\" type=\"text\" name=\"ihr-name\" \/><\/span>\n\t\t<\/p>\n\t<\/div>\n\t<div class=\"control-item control-item-single\">\n\t\t<p><span class=\"wpcf7-form-control-wrap\" data-name=\"ihr-email\"><input size=\"40\" maxlength=\"400\" class=\"wpcf7-form-control wpcf7-email wpcf7-validates-as-required wpcf7-text wpcf7-validates-as-email\" aria-required=\"true\" aria-invalid=\"false\" value=\"E-Mail*\" type=\"email\" name=\"ihr-email\" \/><\/span>\n\t\t<\/p>\n\t<\/div>\n\t<div class=\"control-item control-item-single\">\n\t\t<p><span class=\"wpcf7-form-control-wrap\" data-name=\"phone-number\"><input size=\"40\" maxlength=\"400\" class=\"wpcf7-form-control wpcf7-tel wpcf7-text wpcf7-validates-as-tel\" aria-invalid=\"false\" placeholder=\"Telefon Nummer\" value=\"\" type=\"tel\" name=\"phone-number\" \/><\/span>\n\t\t<\/p>\n\t<\/div>\n\t<div class=\"control-item control-item-single\">\n\t\t<p><span class=\"wpcf7-form-control-wrap\" data-name=\"your-message\"><textarea cols=\"40\" rows=\"3\" maxlength=\"2000\" class=\"wpcf7-form-control wpcf7-textarea wpcf7-validates-as-required\" aria-required=\"true\" aria-invalid=\"false\" placeholder=\"Nachricht\" name=\"your-message\"><\/textarea><\/span>\n\t\t<\/p>\n\t<\/div>\n\t<div class=\"control-item\">\n\t\t<div class=\"form-check form-check-inline\">\n\t\t\t<p><span class=\"wpcf7-form-control-wrap\" data-name=\"data-acceptance\"><span class=\"wpcf7-form-control wpcf7-acceptance\"><span class=\"wpcf7-list-item\"><label><input type=\"checkbox\" name=\"data-acceptance\" value=\"1\" aria-invalid=\"false\" \/><span class=\"wpcf7-list-item-label\"><a href=\"\/zgoda\/#zgoda_na_przetwarzanie_danych_osobowych\" target=\"_blank\">Zustimmung zur Verarbeitung personenbezogener Daten<\/a><\/span><\/label><\/span><\/span><\/span>\n\t\t\t<\/p>\n\t\t<\/div>\n\t<\/div>\n\t<div class=\"control-item\">\n\t\t<div class=\"form-check form-check-inline\">\n\t\t\t<p><span class=\"wpcf7-form-control-wrap\" data-name=\"email-acceptance\"><span class=\"wpcf7-form-control wpcf7-acceptance\"><span class=\"wpcf7-list-item\"><label><input type=\"checkbox\" name=\"email-acceptance\" value=\"1\" aria-invalid=\"false\" \/><span class=\"wpcf7-list-item-label\"><a href=\"\/zgoda\/#zgoda_na_kontakt_emailowy\" target=\"_blank\">Einverst\u00e4ndnis zum E-Mail-Kontakt<\/a><\/span><\/label><\/span><\/span><\/span>\n\t\t\t<\/p>\n\t\t<\/div>\n\t<\/div>\n\t<div class=\"control-item\">\n\t\t<div class=\"form-check form-check-inline\">\n\t\t\t<p><span class=\"wpcf7-form-control-wrap\" data-name=\"phone-acceptance\"><span class=\"wpcf7-form-control wpcf7-acceptance\"><span class=\"wpcf7-list-item\"><label><input type=\"checkbox\" name=\"phone-acceptance\" value=\"1\" aria-invalid=\"false\" \/><span class=\"wpcf7-list-item-label\"><a href=\"\/zgoda\/#zgoda_na_kontakt_telefoniczny\" target=\"_blank\">Zustimmung zum telefonischen Kontakt<\/a><\/span><\/label><\/span><\/span><\/span>\n\t\t\t<\/p>\n\t\t<\/div>\n\t<\/div>\n\t<div class=\"control-item btn-form\">\n\t\t<p><input class=\"wpcf7-form-control wpcf7-submit has-spinner pxl-btn\" type=\"submit\" value=\"Senden\" \/>.\n\t\t<\/p>\n\t<\/div>\n<\/div>\n<span class=\"wpcf7-form-control-wrap offer-name\" data-name=\"offer-name\"><input type=\"hidden\" name=\"offer-name\" class=\"wpcf7-form-control wpcf7-hidden wpcf7dtx wpcf7dtx-hidden\" aria-invalid=\"false\" value=\"Entspannung bei Gl\u00fchwein\"><\/span><div class=\"wpcf7-response-output\" aria-hidden=\"true\"><\/div>\n<\/form>\n<\/div>\n \r\n<\/div>\t\t\t\t<\/div>\n\t\t\t\t<\/div>\n\t\t                    <\/div>\r\n        <\/div>\r\n        \t\t\t<\/div>\n\t\t<\/section>\n\t\t                    <\/div>\r\n        <\/div>\r\n        \t\t\t<\/div>\n\t\t<\/section>\n\t\t        <section class=\"elementor-section elementor-top-section elementor-element elementor-element-6641278 elementor-section-boxed elementor-section-height-default elementor-section-height-default pxl-section-static-pos-no pxl-section-overflow-hidden-no pxl-container-margin-auto-no\" data-id=\"6641278\" data-element_type=\"section\">\n\n                \n                <div class=\"elementor-container elementor-column-gap-default \">\n                <div class=\"elementor-column elementor-col-33 elementor-top-column elementor-element elementor-element-744a741 pxl-column-overflow-hidden-yes col-offset-none pxl-column-element-default pxl-pll-transform\" data-id=\"744a741\" data-element_type=\"column\">\r\n        <div class=\"elementor-widget-wrap elementor-element-populated\">\r\n            <div class=\"pxl-column-bg-parallax-outer\"><div class=\"pxl-column-bg-parallax\" data-parallax=\"{&quot;y&quot;:-100}\"><\/div><\/div>        \t\t<div class=\"elementor-element elementor-element-53ad588 elementor-widget elementor-widget-spacer\" data-id=\"53ad588\" data-element_type=\"widget\" data-widget_type=\"spacer.default\">\n\t\t\t\t<div class=\"elementor-widget-container\">\n\t\t\t\t\t\t\t<div class=\"elementor-spacer\">\n\t\t\t<div class=\"elementor-spacer-inner\"><\/div>\n\t\t<\/div>\n\t\t\t\t\t\t<\/div>\n\t\t\t\t<\/div>\n\t\t                    <\/div>\r\n        <\/div>\r\n                <div class=\"elementor-column elementor-col-33 elementor-top-column elementor-element elementor-element-34b03e2 pxl-column-overflow-hidden-yes col-offset-none pxl-column-element-default pxl-pll-transform\" data-id=\"34b03e2\" data-element_type=\"column\">\r\n        <div class=\"elementor-widget-wrap elementor-element-populated\">\r\n            <div class=\"pxl-column-bg-parallax-outer\"><div class=\"pxl-column-bg-parallax\" data-parallax=\"{&quot;y&quot;:100}\"><\/div><\/div>        \t\t<div class=\"elementor-element elementor-element-766a982 elementor-widget elementor-widget-spacer\" data-id=\"766a982\" data-element_type=\"widget\" data-widget_type=\"spacer.default\">\n\t\t\t\t<div class=\"elementor-widget-container\">\n\t\t\t\t\t\t\t<div class=\"elementor-spacer\">\n\t\t\t<div class=\"elementor-spacer-inner\"><\/div>\n\t\t<\/div>\n\t\t\t\t\t\t<\/div>\n\t\t\t\t<\/div>\n\t\t                    <\/div>\r\n        <\/div>\r\n                <div class=\"elementor-column elementor-col-33 elementor-top-column elementor-element elementor-element-c052c50 pxl-column-overflow-hidden-yes col-offset-none pxl-column-element-default pxl-pll-transform\" data-id=\"c052c50\" data-element_type=\"column\">\r\n        <div class=\"elementor-widget-wrap elementor-element-populated\">\r\n            <div class=\"pxl-column-bg-parallax-outer\"><div class=\"pxl-column-bg-parallax\" data-parallax=\"{&quot;y&quot;:-100}\"><\/div><\/div>        \t\t<div class=\"elementor-element elementor-element-2409932 elementor-widget elementor-widget-spacer\" data-id=\"2409932\" data-element_type=\"widget\" data-widget_type=\"spacer.default\">\n\t\t\t\t<div class=\"elementor-widget-container\">\n\t\t\t\t\t\t\t<div class=\"elementor-spacer\">\n\t\t\t<div class=\"elementor-spacer-inner\"><\/div>\n\t\t<\/div>\n\t\t\t\t\t\t<\/div>\n\t\t\t\t<\/div>\n\t\t                    <\/div>\r\n        <\/div>\r\n        \t\t\t<\/div>\n\t\t<\/section>\n\t\t\t\t<\/div>\n\t\t","protected":false},"excerpt":{"rendered":"<p>Preis: 360 PLN\/Person Dauer: 90 &#8211; 120 min. Wir laden Sie zum Herbst-Winter-Paket im Spa-Palast ein. Verwenden Sie das festes Sch\u00e4len mit einer orangefarbenen Zinnamon -Note auf einem hei\u00dfen Tisch. Eine Behandlung endete mit einer entspannenden Massage, Gl\u00fchwein, um angenehme Empfindungen zu kronen Was das Paket enth\u00e4lt: orange -Zinnamon -Sch\u00e4len des gesamten K\u00f6rpers, aromatische Massage [&hellip;]<\/p>\n","protected":false},"author":1,"featured_media":0,"parent":23669,"menu_order":0,"comment_status":"closed","ping_status":"closed","template":"","meta":{"inline_featured_image":false,"footnotes":""},"class_list":["post-23679","page","type-page","status-publish","hentry"],"yoast_head":"<!-- This site is optimized with the Yoast SEO plugin v24.8 - https:\/\/yoast.com\/wordpress\/plugins\/seo\/ -->\n<title>Entspannung bei Gl\u00fchwein | Schloss W\u0105sowo<\/title>\n<meta name=\"description\" content=\"G\u00f6nnen Sie sich ein straffendes Ganzk\u00f6rperpeeling mit Orangen- und Zimtnoten\" \/>\n<meta name=\"robots\" content=\"index, follow, max-snippet:-1, max-image-preview:large, max-video-preview:-1\" \/>\n<link rel=\"canonical\" href=\"https:\/\/wasowo.pl\/de\/besondere-angebote\/entspannung-bei-gluehwein\/\" \/>\n<meta property=\"og:locale\" content=\"de_DE\" \/>\n<meta property=\"og:type\" content=\"article\" \/>\n<meta property=\"og:title\" content=\"Entspannung bei Gl\u00fchwein | Schloss W\u0105sowo\" \/>\n<meta property=\"og:description\" content=\"G\u00f6nnen Sie sich ein straffendes Ganzk\u00f6rperpeeling mit Orangen- und Zimtnoten\" \/>\n<meta property=\"og:url\" content=\"https:\/\/wasowo.pl\/de\/besondere-angebote\/entspannung-bei-gluehwein\/\" \/>\n<meta property=\"og:site_name\" content=\"Pa\u0142ac W\u0105sowo\" \/>\n<meta property=\"article:modified_time\" content=\"2025-04-15T13:06:23+00:00\" \/>\n<meta name=\"twitter:card\" content=\"summary_large_image\" \/>\n<meta name=\"twitter:label1\" content=\"Gesch\u00e4tzte Lesezeit\" \/>\n\t<meta name=\"twitter:data1\" content=\"1\u00a0Minute\" \/>\n<!-- \/ Yoast SEO plugin. -->","yoast_head_json":{"title":"Entspannung bei Gl\u00fchwein | Schloss W\u0105sowo","description":"G\u00f6nnen Sie sich ein straffendes Ganzk\u00f6rperpeeling mit Orangen- und Zimtnoten","robots":{"index":"index","follow":"follow","max-snippet":"max-snippet:-1","max-image-preview":"max-image-preview:large","max-video-preview":"max-video-preview:-1"},"canonical":"https:\/\/wasowo.pl\/de\/besondere-angebote\/entspannung-bei-gluehwein\/","og_locale":"de_DE","og_type":"article","og_title":"Entspannung bei Gl\u00fchwein | Schloss W\u0105sowo","og_description":"G\u00f6nnen Sie sich ein straffendes Ganzk\u00f6rperpeeling mit Orangen- und Zimtnoten","og_url":"https:\/\/wasowo.pl\/de\/besondere-angebote\/entspannung-bei-gluehwein\/","og_site_name":"Pa\u0142ac W\u0105sowo","article_modified_time":"2025-04-15T13:06:23+00:00","twitter_card":"summary_large_image","twitter_misc":{"Gesch\u00e4tzte Lesezeit":"1\u00a0Minute"},"schema":{"@context":"https:\/\/schema.org","@graph":[{"@type":"WebPage","@id":"https:\/\/wasowo.pl\/de\/besondere-angebote\/entspannung-bei-gluehwein\/","url":"https:\/\/wasowo.pl\/de\/besondere-angebote\/entspannung-bei-gluehwein\/","name":"Entspannung bei Gl\u00fchwein | Schloss W\u0105sowo","isPartOf":{"@id":"https:\/\/wasowo.pl\/de\/#website"},"datePublished":"2024-12-16T09:05:41+00:00","dateModified":"2025-04-15T13:06:23+00:00","description":"G\u00f6nnen Sie sich ein straffendes Ganzk\u00f6rperpeeling mit Orangen- und Zimtnoten","breadcrumb":{"@id":"https:\/\/wasowo.pl\/de\/besondere-angebote\/entspannung-bei-gluehwein\/#breadcrumb"},"inLanguage":"de","potentialAction":[{"@type":"ReadAction","target":["https:\/\/wasowo.pl\/de\/besondere-angebote\/entspannung-bei-gluehwein\/"]}]},{"@type":"BreadcrumbList","@id":"https:\/\/wasowo.pl\/de\/besondere-angebote\/entspannung-bei-gluehwein\/#breadcrumb","itemListElement":[{"@type":"ListItem","position":1,"name":"Strona g\u0142\u00f3wna","item":"https:\/\/wasowo.pl\/de\/"},{"@type":"ListItem","position":2,"name":"Besondere Angebote","item":"https:\/\/wasowo.pl\/de\/besondere-angebote\/"},{"@type":"ListItem","position":3,"name":"Entspannung bei Gl\u00fchwein"}]},{"@type":"WebSite","@id":"https:\/\/wasowo.pl\/de\/#website","url":"https:\/\/wasowo.pl\/de\/","name":"Pa\u0142ac W\u0105sowo","description":"","potentialAction":[{"@type":"SearchAction","target":{"@type":"EntryPoint","urlTemplate":"https:\/\/wasowo.pl\/de\/?s={search_term_string}"},"query-input":{"@type":"PropertyValueSpecification","valueRequired":true,"valueName":"search_term_string"}}],"inLanguage":"de"}]}},"_links":{"self":[{"href":"https:\/\/wasowo.pl\/de\/wp-json\/wp\/v2\/pages\/23679","targetHints":{"allow":["GET"]}}],"collection":[{"href":"https:\/\/wasowo.pl\/de\/wp-json\/wp\/v2\/pages"}],"about":[{"href":"https:\/\/wasowo.pl\/de\/wp-json\/wp\/v2\/types\/page"}],"author":[{"embeddable":true,"href":"https:\/\/wasowo.pl\/de\/wp-json\/wp\/v2\/users\/1"}],"replies":[{"embeddable":true,"href":"https:\/\/wasowo.pl\/de\/wp-json\/wp\/v2\/comments?post=23679"}],"version-history":[{"count":4,"href":"https:\/\/wasowo.pl\/de\/wp-json\/wp\/v2\/pages\/23679\/revisions"}],"predecessor-version":[{"id":24153,"href":"https:\/\/wasowo.pl\/de\/wp-json\/wp\/v2\/pages\/23679\/revisions\/24153"}],"up":[{"embeddable":true,"href":"https:\/\/wasowo.pl\/de\/wp-json\/wp\/v2\/pages\/23669"}],"wp:attachment":[{"href":"https:\/\/wasowo.pl\/de\/wp-json\/wp\/v2\/media?parent=23679"}],"curies":[{"name":"wp","href":"https:\/\/api.w.org\/{rel}","templated":true}]}}