{"id":23694,"date":"2024-12-16T10:56:29","date_gmt":"2024-12-16T09:56:29","guid":{"rendered":"https:\/\/wasowo.pl\/besondere-angebote\/schokoladennacht\/"},"modified":"2025-04-15T14:56:56","modified_gmt":"2025-04-15T12:56:56","slug":"schokoladennacht","status":"publish","type":"page","link":"https:\/\/wasowo.pl\/de\/besondere-angebote\/schokoladennacht\/","title":{"rendered":"Schokoladennacht"},"content":{"rendered":"\t\t<div data-elementor-type=\"wp-page\" data-elementor-id=\"23694\" class=\"elementor elementor-23694 elementor-19448\">\n\t\t\t\t        <section class=\"elementor-section elementor-top-section elementor-element elementor-element-a5e9603 elementor-section-boxed elementor-section-height-default elementor-section-height-default pxl-section-static-pos-no pxl-section-overflow-hidden-no pxl-container-margin-auto-no\" data-id=\"a5e9603\" data-element_type=\"section\">\n\n                \n                <div class=\"elementor-container elementor-column-gap-default \">\n                <div class=\"elementor-column elementor-col-66 elementor-top-column elementor-element elementor-element-8f68a67 col-offset-none pxl-column-element-default pxl-column-overflow-hidden-no\" data-id=\"8f68a67\" data-element_type=\"column\">\r\n        <div class=\"elementor-widget-wrap elementor-element-populated\">\r\n                    \t\t<div class=\"elementor-element elementor-element-5dbbd8e elementor-widget elementor-widget-pxl_heading\" data-id=\"5dbbd8e\" data-element_type=\"widget\" data-widget_type=\"pxl_heading.default\">\n\t\t\t\t<div class=\"elementor-widget-container\">\n\t\t\t\t\t<div class=\"pxl-heading-wrap d-flex\">\n    <div class=\"pxl-heading-inner  \">\n                <h2 class=\"heading-title\">\n                        Preis: PLN 1040\/Paar         <\/h2>\n            <\/div>\n<\/div>\n\n\t\t\t\t<\/div>\n\t\t\t\t<\/div>\n\t\t\t\t<div class=\"elementor-element elementor-element-da033c1 elementor-widget elementor-widget-pxl_text_editor\" data-id=\"da033c1\" data-element_type=\"widget\" data-widget_type=\"pxl_text_editor.default\">\n\t\t\t\t<div class=\"elementor-widget-container\">\n\t\t\t\t\t<div id=\"pxl_text_editor-da033c1-9814\" class=\"pxl-text-editor-wrap d-flex \" >\n\t<div class=\"pxl-text-editor elementor-clearfix\">\n\t\t<p>Die Schokoladennacht f\u00fcr zwei ist ein romantischer Abend voller S\u00fc\u00dfe und Liebe. Es wird ein ausgezeichneter Sprungbrett aus dem Alltag sein und gleichzeitig viel Freude bereitet. Nehmen Sie Ihre andere H\u00e4lfte und geben Sie ihr etwas ganz Besonderes, Zeit, die zusammen in der Begleitung von S\u00fc\u00dfigkeiten verbracht werden.<\/p>\t\t\n\t<\/div>\n<\/div>\t\t\t\t<\/div>\n\t\t\t\t<\/div>\n\t\t\t\t<div class=\"elementor-element elementor-element-73e565e elementor-widget elementor-widget-pxl_divider\" data-id=\"73e565e\" data-element_type=\"widget\" data-widget_type=\"pxl_divider.default\">\n\t\t\t\t<div class=\"elementor-widget-container\">\n\t\t\t\t\t<div class=\"pxl-divider horizontal animated normal\"><div class=\"pxl-divider-separator\"><\/div><\/div>\t\t\t\t<\/div>\n\t\t\t\t<\/div>\n\t\t\t\t<div class=\"elementor-element elementor-element-20218d1 elementor-widget elementor-widget-pxl_heading\" data-id=\"20218d1\" data-element_type=\"widget\" data-widget_type=\"pxl_heading.default\">\n\t\t\t\t<div class=\"elementor-widget-container\">\n\t\t\t\t\t<div class=\"pxl-heading-wrap d-flex\">\n    <div class=\"pxl-heading-inner  \">\n                <h3 class=\"heading-title\">\n                        Was das Paket enth\u00e4lt:         <\/h3>\n            <\/div>\n<\/div>\n\n\t\t\t\t<\/div>\n\t\t\t\t<\/div>\n\t\t\t\t<div class=\"elementor-element elementor-element-5db4361 elementor-widget elementor-widget-pxl_list_style\" data-id=\"5db4361\" data-element_type=\"widget\" data-widget_type=\"pxl_list_style.default\">\n\t\t\t\t<div class=\"elementor-widget-container\">\n\t\t\t\t\t    <div class=\"pxl-list-style icon d-flex-wrap flex-column\">\r\n                    <div class=\"list-item d-flex \" >\r\n                 \r\n                    <div class=\"list-icon\">\r\n                        <i aria-hidden=\"true\" class=\"fas fa-angle-double-right\"><\/i>                            \r\n                    <\/div>\r\n                                                            \t<div class=\"list-content\">\r\n                                \t   <p>\u00dcbernachtung im Palast mit Fr\u00fchst\u00fcck<\/p>\n                    \t            <\/div>\r\n           <\/div>\r\n                    <div class=\"list-item d-flex \" >\r\n                 \r\n                    <div class=\"list-icon\">\r\n                        <i aria-hidden=\"true\" class=\"fas fa-angle-double-right\"><\/i>                            \r\n                    <\/div>\r\n                                                            \t<div class=\"list-content\">\r\n                                \t   <p>Eine Flasche funkelnder Wein und Pralinen im Raum<\/p>\n                    \t            <\/div>\r\n           <\/div>\r\n                    <div class=\"list-item d-flex \" >\r\n                 \r\n                    <div class=\"list-icon\">\r\n                        <i aria-hidden=\"true\" class=\"fas fa-angle-double-right\"><\/i>                            \r\n                    <\/div>\r\n                                                            \t<div class=\"list-content\">\r\n                                \t   <p>Schokoladendessert und Kaffee<\/p>\n                    \t            <\/div>\r\n           <\/div>\r\n                    <div class=\"list-item d-flex \" >\r\n                 \r\n                    <div class=\"list-icon\">\r\n                        <i aria-hidden=\"true\" class=\"fas fa-angle-double-right\"><\/i>                            \r\n                    <\/div>\r\n                                                            \t<div class=\"list-content\">\r\n                                \t   <p>Romantisches Abendessen \/ Gutschein zur Verwendung in einem Palastrestaurant im Wert von PLN 150<\/p>\n                    \t            <\/div>\r\n           <\/div>\r\n                    <div class=\"list-item d-flex \" >\r\n                 \r\n                    <div class=\"list-icon\">\r\n                        <i aria-hidden=\"true\" class=\"fas fa-angle-double-right\"><\/i>                            \r\n                    <\/div>\r\n                                                            \t<div class=\"list-content\">\r\n                                \t   <p>Schokoladen -R\u00fcckenmassage 30 min.\/OS.<\/p>\n                    \t            <\/div>\r\n           <\/div>\r\n                    <div class=\"list-item d-flex \" >\r\n                 \r\n                    <div class=\"list-icon\">\r\n                        <i aria-hidden=\"true\" class=\"fas fa-angle-double-right\"><\/i>                            \r\n                    <\/div>\r\n                                                            \t<div class=\"list-content\">\r\n                                \t   <p>Billard, Schwimmbad, Sauna<\/p>\n                    \t            <\/div>\r\n           <\/div>\r\n            <\/div>\r\n\t\t\t\t<\/div>\n\t\t\t\t<\/div>\n\t\t\t\t<div class=\"elementor-element elementor-element-297100a elementor-widget elementor-widget-pxl_divider\" data-id=\"297100a\" data-element_type=\"widget\" data-widget_type=\"pxl_divider.default\">\n\t\t\t\t<div class=\"elementor-widget-container\">\n\t\t\t\t\t<div class=\"pxl-divider horizontal animated normal\"><div class=\"pxl-divider-separator\"><\/div><\/div>\t\t\t\t<\/div>\n\t\t\t\t<\/div>\n\t\t                    <\/div>\r\n        <\/div>\r\n                <div class=\"elementor-column elementor-col-33 elementor-top-column elementor-element elementor-element-95a369c col-offset-none pxl-column-element-default pxl-column-overflow-hidden-no\" data-id=\"95a369c\" data-element_type=\"column\">\r\n        <div class=\"elementor-widget-wrap elementor-element-populated\">\r\n                            <section class=\"elementor-section elementor-inner-section elementor-element elementor-element-6f8fb3a elementor-section-boxed elementor-section-height-default elementor-section-height-default pxl-section-static-pos-no pxl-section-overflow-hidden-no pxl-container-margin-auto-no\" data-id=\"6f8fb3a\" data-element_type=\"section\">\n\n                \n                <div class=\"elementor-container elementor-column-gap-default \">\n                <div class=\"elementor-column elementor-col-100 elementor-inner-column elementor-element elementor-element-832e6af col-offset-none pxl-column-element-default pxl-column-overflow-hidden-no\" data-id=\"832e6af\" data-element_type=\"column\">\r\n        <div class=\"elementor-widget-wrap elementor-element-populated\">\r\n                    \t\t<div class=\"elementor-element elementor-element-c884224 elementor-widget elementor-widget-pxl_heading\" data-id=\"c884224\" data-element_type=\"widget\" data-widget_type=\"pxl_heading.default\">\n\t\t\t\t<div class=\"elementor-widget-container\">\n\t\t\t\t\t<div class=\"pxl-heading-wrap d-flex\">\n    <div class=\"pxl-heading-inner  \">\n                <h4 class=\"heading-title\">\n                        Buchungsanfrage         <\/h4>\n            <\/div>\n<\/div>\n\n\t\t\t\t<\/div>\n\t\t\t\t<\/div>\n\t\t\t\t<div class=\"elementor-element elementor-element-11337eb pxl-contact-info-layout-1 elementor-widget elementor-widget-pxl_contact_info\" data-id=\"11337eb\" data-element_type=\"widget\" data-widget_type=\"pxl_contact_info.default\">\n\t\t\t\t<div class=\"elementor-widget-container\">\n\t\t\t\t\t<div class=\"pxl-ci-wrap layout-1 relative \">\r\n\t<div class=\"ci-content-wrap d-flex align-items-center\">\r\n\t\t            <div class=\"ci-icon\">\r\n                <span aria-hidden=\"true\" class=\"pxl-icon pxli pxli-phone-alt\"><\/span>            <\/div>\r\n        \t\t<div class=\"ci-content\">\r\n\t\t\t\t\t\t\t<h4 class=\"ci-title\">Rufen Sie uns an<\/h4> \r\n\t\t\t\t\t\t\t\t\t\t<div class=\"ci-desc\"><a href=\"tel:697060684\">697 060 684<\/a><\/div> \r\n\t\t\t\t\t\t\t\t<\/div>\r\n\t<\/div>\r\n<\/div>\t\t\t\t<\/div>\n\t\t\t\t<\/div>\n\t\t\t\t<div class=\"elementor-element elementor-element-344dc9d elementor-widget elementor-widget-pxl_contact_form\" data-id=\"344dc9d\" data-element_type=\"widget\" data-widget_type=\"pxl_contact_form.default\">\n\t\t\t\t<div class=\"elementor-widget-container\">\n\t\t\t\t\t<div class=\"pxl-cf7-wrap relative \">\r\n    \n<div class=\"wpcf7 no-js\" id=\"wpcf7-f23820-o1\" lang=\"de-DE\" dir=\"ltr\" data-wpcf7-id=\"23820\">\n<div class=\"screen-reader-response\"><p role=\"status\" aria-live=\"polite\" aria-atomic=\"true\"><\/p> <ul><\/ul><\/div>\n<form action=\"\/de\/wp-json\/wp\/v2\/pages\/23694#wpcf7-f23820-o1\" method=\"post\" class=\"wpcf7-form init\" aria-label=\"Kontaktformular\" novalidate=\"novalidate\" data-status=\"init\">\n<div style=\"display: none;\">\n<input type=\"hidden\" name=\"_wpcf7\" value=\"23820\" \/>\n<input type=\"hidden\" name=\"_wpcf7_version\" value=\"6.0.5\" \/>\n<input type=\"hidden\" name=\"_wpcf7_locale\" value=\"de_DE\" \/>\n<input type=\"hidden\" name=\"_wpcf7_unit_tag\" value=\"wpcf7-f23820-o1\" \/>\n<input type=\"hidden\" name=\"_wpcf7_container_post\" value=\"0\" \/>\n<input type=\"hidden\" name=\"_wpcf7_posted_data_hash\" value=\"\" \/>\n<input type=\"hidden\" name=\"_wpcf7dtx_version\" value=\"5.0.3\" \/>\n<input type=\"hidden\" name=\"_wpcf7_recaptcha_response\" value=\"\" \/>\n<\/div>\n<div class=\"contact-form-2 contact-form-special-offers\">\n\t<div class=\"control-item control-item-single\">\n\t\t<p><span class=\"wpcf7-form-control-wrap\" data-name=\"ihr-name\"><input size=\"40\" maxlength=\"400\" class=\"wpcf7-form-control wpcf7-text wpcf7-validates-as-required\" aria-required=\"true\" aria-invalid=\"false\" value=\"Name*.\" type=\"text\" name=\"ihr-name\" \/><\/span>\n\t\t<\/p>\n\t<\/div>\n\t<div class=\"control-item control-item-single\">\n\t\t<p><span class=\"wpcf7-form-control-wrap\" data-name=\"ihr-email\"><input size=\"40\" maxlength=\"400\" class=\"wpcf7-form-control wpcf7-email wpcf7-validates-as-required wpcf7-text wpcf7-validates-as-email\" aria-required=\"true\" aria-invalid=\"false\" value=\"E-Mail*\" type=\"email\" name=\"ihr-email\" \/><\/span>\n\t\t<\/p>\n\t<\/div>\n\t<div class=\"control-item control-item-single\">\n\t\t<p><span class=\"wpcf7-form-control-wrap\" data-name=\"phone-number\"><input size=\"40\" maxlength=\"400\" class=\"wpcf7-form-control wpcf7-tel wpcf7-text wpcf7-validates-as-tel\" aria-invalid=\"false\" placeholder=\"Telefon Nummer\" value=\"\" type=\"tel\" name=\"phone-number\" \/><\/span>\n\t\t<\/p>\n\t<\/div>\n\t<div class=\"control-item control-item-single\">\n\t\t<p><span class=\"wpcf7-form-control-wrap\" data-name=\"your-message\"><textarea cols=\"40\" rows=\"3\" maxlength=\"2000\" class=\"wpcf7-form-control wpcf7-textarea wpcf7-validates-as-required\" aria-required=\"true\" aria-invalid=\"false\" placeholder=\"Nachricht\" name=\"your-message\"><\/textarea><\/span>\n\t\t<\/p>\n\t<\/div>\n\t<div class=\"control-item\">\n\t\t<div class=\"form-check form-check-inline\">\n\t\t\t<p><span class=\"wpcf7-form-control-wrap\" data-name=\"data-acceptance\"><span class=\"wpcf7-form-control wpcf7-acceptance\"><span class=\"wpcf7-list-item\"><label><input type=\"checkbox\" name=\"data-acceptance\" value=\"1\" aria-invalid=\"false\" \/><span class=\"wpcf7-list-item-label\"><a href=\"\/zgoda\/#zgoda_na_przetwarzanie_danych_osobowych\" target=\"_blank\">Zustimmung zur Verarbeitung personenbezogener Daten<\/a><\/span><\/label><\/span><\/span><\/span>\n\t\t\t<\/p>\n\t\t<\/div>\n\t<\/div>\n\t<div class=\"control-item\">\n\t\t<div class=\"form-check form-check-inline\">\n\t\t\t<p><span class=\"wpcf7-form-control-wrap\" data-name=\"email-acceptance\"><span class=\"wpcf7-form-control wpcf7-acceptance\"><span class=\"wpcf7-list-item\"><label><input type=\"checkbox\" name=\"email-acceptance\" value=\"1\" aria-invalid=\"false\" \/><span class=\"wpcf7-list-item-label\"><a href=\"\/zgoda\/#zgoda_na_kontakt_emailowy\" target=\"_blank\">Einverst\u00e4ndnis zum E-Mail-Kontakt<\/a><\/span><\/label><\/span><\/span><\/span>\n\t\t\t<\/p>\n\t\t<\/div>\n\t<\/div>\n\t<div class=\"control-item\">\n\t\t<div class=\"form-check form-check-inline\">\n\t\t\t<p><span class=\"wpcf7-form-control-wrap\" data-name=\"phone-acceptance\"><span class=\"wpcf7-form-control wpcf7-acceptance\"><span class=\"wpcf7-list-item\"><label><input type=\"checkbox\" name=\"phone-acceptance\" value=\"1\" aria-invalid=\"false\" \/><span class=\"wpcf7-list-item-label\"><a href=\"\/zgoda\/#zgoda_na_kontakt_telefoniczny\" target=\"_blank\">Zustimmung zum telefonischen Kontakt<\/a><\/span><\/label><\/span><\/span><\/span>\n\t\t\t<\/p>\n\t\t<\/div>\n\t<\/div>\n\t<div class=\"control-item btn-form\">\n\t\t<p><input class=\"wpcf7-form-control wpcf7-submit has-spinner pxl-btn\" type=\"submit\" value=\"Senden\" \/>.\n\t\t<\/p>\n\t<\/div>\n<\/div>\n<span class=\"wpcf7-form-control-wrap offer-name\" data-name=\"offer-name\"><input type=\"hidden\" name=\"offer-name\" class=\"wpcf7-form-control wpcf7-hidden wpcf7dtx wpcf7dtx-hidden\" aria-invalid=\"false\" value=\"Schokoladennacht\"><\/span><div class=\"wpcf7-response-output\" aria-hidden=\"true\"><\/div>\n<\/form>\n<\/div>\n \r\n<\/div>\t\t\t\t<\/div>\n\t\t\t\t<\/div>\n\t\t                    <\/div>\r\n        <\/div>\r\n        \t\t\t<\/div>\n\t\t<\/section>\n\t\t                    <\/div>\r\n        <\/div>\r\n        \t\t\t<\/div>\n\t\t<\/section>\n\t\t        <section class=\"elementor-section elementor-top-section elementor-element elementor-element-05f07be elementor-section-boxed elementor-section-height-default elementor-section-height-default pxl-section-static-pos-no pxl-section-overflow-hidden-no pxl-container-margin-auto-no\" data-id=\"05f07be\" data-element_type=\"section\">\n\n                \n                <div class=\"elementor-container elementor-column-gap-default \">\n                <div class=\"elementor-column elementor-col-33 elementor-top-column elementor-element elementor-element-61b1606 pxl-column-overflow-hidden-yes col-offset-none pxl-column-element-default pxl-pll-transform\" data-id=\"61b1606\" data-element_type=\"column\">\r\n        <div class=\"elementor-widget-wrap elementor-element-populated\">\r\n            <div class=\"pxl-column-bg-parallax-outer\"><div class=\"pxl-column-bg-parallax\" data-parallax=\"{&quot;y&quot;:-100}\"><\/div><\/div>        \t\t<div class=\"elementor-element elementor-element-9cfbedf elementor-widget elementor-widget-spacer\" data-id=\"9cfbedf\" data-element_type=\"widget\" data-widget_type=\"spacer.default\">\n\t\t\t\t<div class=\"elementor-widget-container\">\n\t\t\t\t\t\t\t<div class=\"elementor-spacer\">\n\t\t\t<div class=\"elementor-spacer-inner\"><\/div>\n\t\t<\/div>\n\t\t\t\t\t\t<\/div>\n\t\t\t\t<\/div>\n\t\t                    <\/div>\r\n        <\/div>\r\n                <div class=\"elementor-column elementor-col-33 elementor-top-column elementor-element elementor-element-75e8e91 pxl-column-overflow-hidden-yes col-offset-none pxl-column-element-default pxl-pll-transform\" data-id=\"75e8e91\" data-element_type=\"column\">\r\n        <div class=\"elementor-widget-wrap elementor-element-populated\">\r\n            <div class=\"pxl-column-bg-parallax-outer\"><div class=\"pxl-column-bg-parallax\" data-parallax=\"{&quot;y&quot;:100}\"><\/div><\/div>        \t\t<div class=\"elementor-element elementor-element-fff4ae2 elementor-widget elementor-widget-spacer\" data-id=\"fff4ae2\" data-element_type=\"widget\" data-widget_type=\"spacer.default\">\n\t\t\t\t<div class=\"elementor-widget-container\">\n\t\t\t\t\t\t\t<div class=\"elementor-spacer\">\n\t\t\t<div class=\"elementor-spacer-inner\"><\/div>\n\t\t<\/div>\n\t\t\t\t\t\t<\/div>\n\t\t\t\t<\/div>\n\t\t                    <\/div>\r\n        <\/div>\r\n                <div class=\"elementor-column elementor-col-33 elementor-top-column elementor-element elementor-element-ea7910c pxl-column-overflow-hidden-yes col-offset-none pxl-column-element-default pxl-pll-transform\" data-id=\"ea7910c\" data-element_type=\"column\">\r\n        <div class=\"elementor-widget-wrap elementor-element-populated\">\r\n            <div class=\"pxl-column-bg-parallax-outer\"><div class=\"pxl-column-bg-parallax\" data-parallax=\"{&quot;y&quot;:-100}\"><\/div><\/div>        \t\t<div class=\"elementor-element elementor-element-735b9ec elementor-widget elementor-widget-spacer\" data-id=\"735b9ec\" data-element_type=\"widget\" data-widget_type=\"spacer.default\">\n\t\t\t\t<div class=\"elementor-widget-container\">\n\t\t\t\t\t\t\t<div class=\"elementor-spacer\">\n\t\t\t<div class=\"elementor-spacer-inner\"><\/div>\n\t\t<\/div>\n\t\t\t\t\t\t<\/div>\n\t\t\t\t<\/div>\n\t\t                    <\/div>\r\n        <\/div>\r\n        \t\t\t<\/div>\n\t\t<\/section>\n\t\t\t\t<\/div>\n\t\t","protected":false},"excerpt":{"rendered":"<p>Preis: PLN 1040\/Paar Die Schokoladennacht f\u00fcr zwei ist ein romantischer Abend voller S\u00fc\u00dfe und Liebe. Es wird ein ausgezeichneter Sprungbrett aus dem Alltag sein und gleichzeitig viel Freude bereitet. Nehmen Sie Ihre andere H\u00e4lfte und geben Sie ihr etwas ganz Besonderes, Zeit, die zusammen in der Begleitung von S\u00fc\u00dfigkeiten verbracht werden. Was das Paket enth\u00e4lt: [&hellip;]<\/p>\n","protected":false},"author":1,"featured_media":0,"parent":23669,"menu_order":0,"comment_status":"closed","ping_status":"closed","template":"","meta":{"inline_featured_image":false,"footnotes":""},"class_list":["post-23694","page","type-page","status-publish","hentry"],"yoast_head":"<!-- This site is optimized with the Yoast SEO plugin v24.8 - https:\/\/yoast.com\/wordpress\/plugins\/seo\/ -->\n<title>Schokoladennacht | Schloss W\u0105sowo<\/title>\n<meta name=\"description\" content=\"Eine Schokoladennacht f\u00fcr zwei ist ein romantischer Abend voller S\u00fc\u00dfe und Liebe.\" \/>\n<meta name=\"robots\" content=\"index, follow, max-snippet:-1, max-image-preview:large, max-video-preview:-1\" \/>\n<link rel=\"canonical\" href=\"https:\/\/wasowo.pl\/de\/besondere-angebote\/schokoladennacht\/\" \/>\n<meta property=\"og:locale\" content=\"de_DE\" \/>\n<meta property=\"og:type\" content=\"article\" \/>\n<meta property=\"og:title\" content=\"Schokoladennacht | Schloss W\u0105sowo\" \/>\n<meta property=\"og:description\" content=\"Eine Schokoladennacht f\u00fcr zwei ist ein romantischer Abend voller S\u00fc\u00dfe und Liebe.\" \/>\n<meta property=\"og:url\" content=\"https:\/\/wasowo.pl\/de\/besondere-angebote\/schokoladennacht\/\" \/>\n<meta property=\"og:site_name\" content=\"Pa\u0142ac W\u0105sowo\" \/>\n<meta property=\"article:modified_time\" content=\"2025-04-15T12:56:56+00:00\" \/>\n<meta name=\"twitter:card\" content=\"summary_large_image\" \/>\n<meta name=\"twitter:label1\" content=\"Gesch\u00e4tzte Lesezeit\" \/>\n\t<meta name=\"twitter:data1\" content=\"1\u00a0Minute\" \/>\n<!-- \/ Yoast SEO plugin. -->","yoast_head_json":{"title":"Schokoladennacht | Schloss W\u0105sowo","description":"Eine Schokoladennacht f\u00fcr zwei ist ein romantischer Abend voller S\u00fc\u00dfe und Liebe.","robots":{"index":"index","follow":"follow","max-snippet":"max-snippet:-1","max-image-preview":"max-image-preview:large","max-video-preview":"max-video-preview:-1"},"canonical":"https:\/\/wasowo.pl\/de\/besondere-angebote\/schokoladennacht\/","og_locale":"de_DE","og_type":"article","og_title":"Schokoladennacht | Schloss W\u0105sowo","og_description":"Eine Schokoladennacht f\u00fcr zwei ist ein romantischer Abend voller S\u00fc\u00dfe und Liebe.","og_url":"https:\/\/wasowo.pl\/de\/besondere-angebote\/schokoladennacht\/","og_site_name":"Pa\u0142ac W\u0105sowo","article_modified_time":"2025-04-15T12:56:56+00:00","twitter_card":"summary_large_image","twitter_misc":{"Gesch\u00e4tzte Lesezeit":"1\u00a0Minute"},"schema":{"@context":"https:\/\/schema.org","@graph":[{"@type":"WebPage","@id":"https:\/\/wasowo.pl\/de\/besondere-angebote\/schokoladennacht\/","url":"https:\/\/wasowo.pl\/de\/besondere-angebote\/schokoladennacht\/","name":"Schokoladennacht | Schloss W\u0105sowo","isPartOf":{"@id":"https:\/\/wasowo.pl\/de\/#website"},"datePublished":"2024-12-16T09:56:29+00:00","dateModified":"2025-04-15T12:56:56+00:00","description":"Eine Schokoladennacht f\u00fcr zwei ist ein romantischer Abend voller S\u00fc\u00dfe und Liebe.","breadcrumb":{"@id":"https:\/\/wasowo.pl\/de\/besondere-angebote\/schokoladennacht\/#breadcrumb"},"inLanguage":"de","potentialAction":[{"@type":"ReadAction","target":["https:\/\/wasowo.pl\/de\/besondere-angebote\/schokoladennacht\/"]}]},{"@type":"BreadcrumbList","@id":"https:\/\/wasowo.pl\/de\/besondere-angebote\/schokoladennacht\/#breadcrumb","itemListElement":[{"@type":"ListItem","position":1,"name":"Strona g\u0142\u00f3wna","item":"https:\/\/wasowo.pl\/de\/"},{"@type":"ListItem","position":2,"name":"Besondere Angebote","item":"https:\/\/wasowo.pl\/de\/besondere-angebote\/"},{"@type":"ListItem","position":3,"name":"Schokoladennacht"}]},{"@type":"WebSite","@id":"https:\/\/wasowo.pl\/de\/#website","url":"https:\/\/wasowo.pl\/de\/","name":"Pa\u0142ac W\u0105sowo","description":"","potentialAction":[{"@type":"SearchAction","target":{"@type":"EntryPoint","urlTemplate":"https:\/\/wasowo.pl\/de\/?s={search_term_string}"},"query-input":{"@type":"PropertyValueSpecification","valueRequired":true,"valueName":"search_term_string"}}],"inLanguage":"de"}]}},"_links":{"self":[{"href":"https:\/\/wasowo.pl\/de\/wp-json\/wp\/v2\/pages\/23694","targetHints":{"allow":["GET"]}}],"collection":[{"href":"https:\/\/wasowo.pl\/de\/wp-json\/wp\/v2\/pages"}],"about":[{"href":"https:\/\/wasowo.pl\/de\/wp-json\/wp\/v2\/types\/page"}],"author":[{"embeddable":true,"href":"https:\/\/wasowo.pl\/de\/wp-json\/wp\/v2\/users\/1"}],"replies":[{"embeddable":true,"href":"https:\/\/wasowo.pl\/de\/wp-json\/wp\/v2\/comments?post=23694"}],"version-history":[{"count":4,"href":"https:\/\/wasowo.pl\/de\/wp-json\/wp\/v2\/pages\/23694\/revisions"}],"predecessor-version":[{"id":24140,"href":"https:\/\/wasowo.pl\/de\/wp-json\/wp\/v2\/pages\/23694\/revisions\/24140"}],"up":[{"embeddable":true,"href":"https:\/\/wasowo.pl\/de\/wp-json\/wp\/v2\/pages\/23669"}],"wp:attachment":[{"href":"https:\/\/wasowo.pl\/de\/wp-json\/wp\/v2\/media?parent=23694"}],"curies":[{"name":"wp","href":"https:\/\/api.w.org\/{rel}","templated":true}]}}