{"id":23725,"date":"2024-12-17T13:33:38","date_gmt":"2024-12-17T12:33:38","guid":{"rendered":"https:\/\/wasowo.pl\/einverstaendnis\/"},"modified":"2025-04-15T08:52:20","modified_gmt":"2025-04-15T06:52:20","slug":"einverstaendnis","status":"publish","type":"page","link":"https:\/\/wasowo.pl\/de\/einverstaendnis\/","title":{"rendered":"Einverst\u00e4ndnis"},"content":{"rendered":"\t\t<div data-elementor-type=\"wp-page\" data-elementor-id=\"23725\" class=\"elementor elementor-23725 elementor-20417\">\n\t\t\t\t        <section class=\"elementor-section elementor-top-section elementor-element elementor-element-8388c32 elementor-section-boxed elementor-section-height-default elementor-section-height-default pxl-section-static-pos-no pxl-section-overflow-hidden-no pxl-container-margin-auto-no\" data-id=\"8388c32\" data-element_type=\"section\" id=\"zgoda_na_przetwarzanie_danych_osobowych\">\n\n                \n                <div class=\"elementor-container elementor-column-gap-default \">\n                <div class=\"elementor-column elementor-col-100 elementor-top-column elementor-element elementor-element-c47d45b col-offset-none pxl-column-element-default pxl-column-overflow-hidden-no\" data-id=\"c47d45b\" data-element_type=\"column\">\r\n        <div class=\"elementor-widget-wrap elementor-element-populated\">\r\n                    \t\t<div class=\"elementor-element elementor-element-ca230d1 elementor-widget elementor-widget-pxl_heading\" data-id=\"ca230d1\" data-element_type=\"widget\" data-widget_type=\"pxl_heading.default\">\n\t\t\t\t<div class=\"elementor-widget-container\">\n\t\t\t\t\t<div class=\"pxl-heading-wrap d-flex\">\n    <div class=\"pxl-heading-inner  \">\n                <h2 class=\"heading-title pxl-animate pxl-invisible animated-normal\" data-settings=\"{&quot;animation&quot;:&quot;fadeIn&quot;,&quot;animation_delay&quot;:300}\">\n                        Zgoda na przetwarzanie danych osobowych\u200b         <\/h2>\n            <\/div>\n<\/div>\n\n\t\t\t\t<\/div>\n\t\t\t\t<\/div>\n\t\t\t\t<div class=\"elementor-element elementor-element-fbb6c1e elementor-invisible pxl-elementor-animate elementor-widget elementor-widget-pxl_text_editor\" data-id=\"fbb6c1e\" data-element_type=\"widget\" data-settings=\"{&quot;_animation&quot;:&quot;fadeIn&quot;,&quot;_animation_delay&quot;:100}\" data-widget_type=\"pxl_text_editor.default\">\n\t\t\t\t<div class=\"elementor-widget-container\">\n\t\t\t\t\t<div id=\"pxl_text_editor-fbb6c1e-1971\" class=\"pxl-text-editor-wrap d-flex \" >\n\t<div class=\"pxl-text-editor elementor-clearfix\">\n\t\t<p>Wyra\u017cam zgod\u0119 na przetwarzanie przez Pa\u0142ac W\u0105sowo moich danych osobowych w postaci imienia i nazwiska w celu przesy\u0142ania mi informacji marketingowych dotycz\u0105cych produkt\u00f3w i us\u0142ug oferowanych przez Pa\u0142ac W\u0105sowo.<\/p>\t\t\n\t<\/div>\n<\/div>\t\t\t\t<\/div>\n\t\t\t\t<\/div>\n\t\t                    <\/div>\r\n        <\/div>\r\n        \t\t\t<\/div>\n\t\t<\/section>\n\t\t        <section class=\"elementor-section elementor-top-section elementor-element elementor-element-7531247 elementor-section-boxed elementor-section-height-default elementor-section-height-default pxl-section-static-pos-no pxl-section-overflow-hidden-no pxl-container-margin-auto-no\" data-id=\"7531247\" data-element_type=\"section\" id=\"zgoda_na_kontakt_telefoniczny\">\n\n                \n                <div class=\"elementor-container elementor-column-gap-default \">\n                <div class=\"elementor-column elementor-col-100 elementor-top-column elementor-element elementor-element-89d8b5b col-offset-none pxl-column-element-default pxl-column-overflow-hidden-no\" data-id=\"89d8b5b\" data-element_type=\"column\">\r\n        <div class=\"elementor-widget-wrap elementor-element-populated\">\r\n                    \t\t<div class=\"elementor-element elementor-element-d199ae5 elementor-widget elementor-widget-pxl_heading\" data-id=\"d199ae5\" data-element_type=\"widget\" data-widget_type=\"pxl_heading.default\">\n\t\t\t\t<div class=\"elementor-widget-container\">\n\t\t\t\t\t<div class=\"pxl-heading-wrap d-flex\">\n    <div class=\"pxl-heading-inner  \">\n                <h2 class=\"heading-title pxl-animate pxl-invisible animated-normal\" data-settings=\"{&quot;animation&quot;:&quot;fadeIn&quot;,&quot;animation_delay&quot;:300}\">\n                        Zgoda na kontakt telefoniczny\u200b         <\/h2>\n            <\/div>\n<\/div>\n\n\t\t\t\t<\/div>\n\t\t\t\t<\/div>\n\t\t\t\t<div class=\"elementor-element elementor-element-15f4789 elementor-invisible pxl-elementor-animate elementor-widget elementor-widget-pxl_text_editor\" data-id=\"15f4789\" data-element_type=\"widget\" data-settings=\"{&quot;_animation&quot;:&quot;fadeIn&quot;,&quot;_animation_delay&quot;:100}\" data-widget_type=\"pxl_text_editor.default\">\n\t\t\t\t<div class=\"elementor-widget-container\">\n\t\t\t\t\t<div id=\"pxl_text_editor-15f4789-6379\" class=\"pxl-text-editor-wrap d-flex \" >\n\t<div class=\"pxl-text-editor elementor-clearfix\">\n\t\t<p>Wyra\u017cam zgod\u0119 na przetwarzanie moich danych osobowych w postaci podanego przeze mnie numeru telefonu przez Pa\u0142ac W\u0105sowo w celu prowadzenia dzia\u0142a\u0144 marketingowych przy u\u017cyciu telekomunikacyjnych urz\u0105dze\u0144 ko\u0144cowych oraz automatycznych system\u00f3w wywo\u0142uj\u0105cych w rozumieniu ustawy Prawo telekomunikacyjne.<\/p>\t\t\n\t<\/div>\n<\/div>\t\t\t\t<\/div>\n\t\t\t\t<\/div>\n\t\t                    <\/div>\r\n        <\/div>\r\n        \t\t\t<\/div>\n\t\t<\/section>\n\t\t        <section class=\"elementor-section elementor-top-section elementor-element elementor-element-c64ca38 elementor-section-boxed elementor-section-height-default elementor-section-height-default pxl-section-static-pos-no pxl-section-overflow-hidden-no pxl-container-margin-auto-no\" data-id=\"c64ca38\" data-element_type=\"section\" id=\"zgoda_na_kontakt_emailowy\">\n\n                \n                <div class=\"elementor-container elementor-column-gap-default \">\n                <div class=\"elementor-column elementor-col-100 elementor-top-column elementor-element elementor-element-e536de4 col-offset-none pxl-column-element-default pxl-column-overflow-hidden-no\" data-id=\"e536de4\" data-element_type=\"column\">\r\n        <div class=\"elementor-widget-wrap elementor-element-populated\">\r\n                    \t\t<div class=\"elementor-element elementor-element-34ceb02 elementor-widget elementor-widget-pxl_heading\" data-id=\"34ceb02\" data-element_type=\"widget\" data-widget_type=\"pxl_heading.default\">\n\t\t\t\t<div class=\"elementor-widget-container\">\n\t\t\t\t\t<div class=\"pxl-heading-wrap d-flex\">\n    <div class=\"pxl-heading-inner  \">\n                <h2 class=\"heading-title pxl-animate pxl-invisible animated-normal\" data-settings=\"{&quot;animation&quot;:&quot;fadeIn&quot;,&quot;animation_delay&quot;:300}\">\n                         Zgoda na kontakt emailowy\u200b         <\/h2>\n            <\/div>\n<\/div>\n\n\t\t\t\t<\/div>\n\t\t\t\t<\/div>\n\t\t\t\t<div class=\"elementor-element elementor-element-7b0f275 elementor-invisible pxl-elementor-animate elementor-widget elementor-widget-pxl_text_editor\" data-id=\"7b0f275\" data-element_type=\"widget\" data-settings=\"{&quot;_animation&quot;:&quot;fadeIn&quot;,&quot;_animation_delay&quot;:100}\" data-widget_type=\"pxl_text_editor.default\">\n\t\t\t\t<div class=\"elementor-widget-container\">\n\t\t\t\t\t<div id=\"pxl_text_editor-7b0f275-6624\" class=\"pxl-text-editor-wrap d-flex \" >\n\t<div class=\"pxl-text-editor elementor-clearfix\">\n\t\t<p>Wyra\u017cam zgod\u0119 na przetwarzanie przez Pa\u0142ac W\u0105sowo moich danych osobowych w postaci adresu poczty elektronicznej w celu przesy\u0142ania mi informacji marketingowych dotycz\u0105cych produkt\u00f3w i us\u0142ug oferowanych przez Pa\u0142ac W\u0105sowo za pomoc\u0105 \u015brodk\u00f3w komunikacji elektronicznej, stosownie do tre\u015bci przepisu art. 10 ust. 1 i 2 ustawy o \u015bwiadczeniu us\u0142ug drog\u0105 elektroniczn\u0105.<\/p>\t\t\n\t<\/div>\n<\/div>\t\t\t\t<\/div>\n\t\t\t\t<\/div>\n\t\t                    <\/div>\r\n        <\/div>\r\n        \t\t\t<\/div>\n\t\t<\/section>\n\t\t\t\t<\/div>\n\t\t","protected":false},"excerpt":{"rendered":"<p>Zgoda na przetwarzanie danych osobowych\u200b Wyra\u017cam zgod\u0119 na przetwarzanie przez Pa\u0142ac W\u0105sowo moich danych osobowych w postaci imienia i nazwiska w celu przesy\u0142ania mi informacji marketingowych dotycz\u0105cych produkt\u00f3w i us\u0142ug oferowanych przez Pa\u0142ac W\u0105sowo. Zgoda na kontakt telefoniczny\u200b Wyra\u017cam zgod\u0119 na przetwarzanie moich danych osobowych w postaci podanego przeze mnie numeru telefonu przez Pa\u0142ac W\u0105sowo [&hellip;]<\/p>\n","protected":false},"author":1,"featured_media":0,"parent":0,"menu_order":0,"comment_status":"closed","ping_status":"closed","template":"","meta":{"inline_featured_image":false,"footnotes":""},"class_list":["post-23725","page","type-page","status-publish","hentry"],"yoast_head":"<!-- This site is optimized with the Yoast SEO plugin v24.8 - https:\/\/yoast.com\/wordpress\/plugins\/seo\/ -->\n<title>Einverst\u00e4ndnis - Pa\u0142ac W\u0105sowo<\/title>\n<meta name=\"robots\" content=\"index, follow, max-snippet:-1, max-image-preview:large, max-video-preview:-1\" \/>\n<link rel=\"canonical\" href=\"https:\/\/wasowo.pl\/de\/einverstaendnis\/\" \/>\n<meta property=\"og:locale\" content=\"de_DE\" \/>\n<meta property=\"og:type\" content=\"article\" \/>\n<meta property=\"og:title\" content=\"Einverst\u00e4ndnis - Pa\u0142ac W\u0105sowo\" \/>\n<meta property=\"og:description\" content=\"Zgoda na przetwarzanie danych osobowych\u200b Wyra\u017cam zgod\u0119 na przetwarzanie przez Pa\u0142ac W\u0105sowo moich danych osobowych w postaci imienia i nazwiska w celu przesy\u0142ania mi informacji marketingowych dotycz\u0105cych produkt\u00f3w i us\u0142ug oferowanych przez Pa\u0142ac W\u0105sowo. Zgoda na kontakt telefoniczny\u200b Wyra\u017cam zgod\u0119 na przetwarzanie moich danych osobowych w postaci podanego przeze mnie numeru telefonu przez Pa\u0142ac W\u0105sowo [&hellip;]\" \/>\n<meta property=\"og:url\" content=\"https:\/\/wasowo.pl\/de\/einverstaendnis\/\" \/>\n<meta property=\"og:site_name\" content=\"Pa\u0142ac W\u0105sowo\" \/>\n<meta property=\"article:modified_time\" content=\"2025-04-15T06:52:20+00:00\" \/>\n<meta name=\"twitter:card\" content=\"summary_large_image\" \/>\n<meta name=\"twitter:label1\" content=\"Gesch\u00e4tzte Lesezeit\" \/>\n\t<meta name=\"twitter:data1\" content=\"1\u00a0Minute\" \/>\n<!-- \/ Yoast SEO plugin. -->","yoast_head_json":{"title":"Einverst\u00e4ndnis - Pa\u0142ac W\u0105sowo","robots":{"index":"index","follow":"follow","max-snippet":"max-snippet:-1","max-image-preview":"max-image-preview:large","max-video-preview":"max-video-preview:-1"},"canonical":"https:\/\/wasowo.pl\/de\/einverstaendnis\/","og_locale":"de_DE","og_type":"article","og_title":"Einverst\u00e4ndnis - Pa\u0142ac W\u0105sowo","og_description":"Zgoda na przetwarzanie danych osobowych\u200b Wyra\u017cam zgod\u0119 na przetwarzanie przez Pa\u0142ac W\u0105sowo moich danych osobowych w postaci imienia i nazwiska w celu przesy\u0142ania mi informacji marketingowych dotycz\u0105cych produkt\u00f3w i us\u0142ug oferowanych przez Pa\u0142ac W\u0105sowo. Zgoda na kontakt telefoniczny\u200b Wyra\u017cam zgod\u0119 na przetwarzanie moich danych osobowych w postaci podanego przeze mnie numeru telefonu przez Pa\u0142ac W\u0105sowo [&hellip;]","og_url":"https:\/\/wasowo.pl\/de\/einverstaendnis\/","og_site_name":"Pa\u0142ac W\u0105sowo","article_modified_time":"2025-04-15T06:52:20+00:00","twitter_card":"summary_large_image","twitter_misc":{"Gesch\u00e4tzte Lesezeit":"1\u00a0Minute"},"schema":{"@context":"https:\/\/schema.org","@graph":[{"@type":"WebPage","@id":"https:\/\/wasowo.pl\/de\/einverstaendnis\/","url":"https:\/\/wasowo.pl\/de\/einverstaendnis\/","name":"Einverst\u00e4ndnis - Pa\u0142ac W\u0105sowo","isPartOf":{"@id":"https:\/\/wasowo.pl\/de\/#website"},"datePublished":"2024-12-17T12:33:38+00:00","dateModified":"2025-04-15T06:52:20+00:00","breadcrumb":{"@id":"https:\/\/wasowo.pl\/de\/einverstaendnis\/#breadcrumb"},"inLanguage":"de","potentialAction":[{"@type":"ReadAction","target":["https:\/\/wasowo.pl\/de\/einverstaendnis\/"]}]},{"@type":"BreadcrumbList","@id":"https:\/\/wasowo.pl\/de\/einverstaendnis\/#breadcrumb","itemListElement":[{"@type":"ListItem","position":1,"name":"Strona g\u0142\u00f3wna","item":"https:\/\/wasowo.pl\/de\/"},{"@type":"ListItem","position":2,"name":"Einverst\u00e4ndnis"}]},{"@type":"WebSite","@id":"https:\/\/wasowo.pl\/de\/#website","url":"https:\/\/wasowo.pl\/de\/","name":"Pa\u0142ac W\u0105sowo","description":"","potentialAction":[{"@type":"SearchAction","target":{"@type":"EntryPoint","urlTemplate":"https:\/\/wasowo.pl\/de\/?s={search_term_string}"},"query-input":{"@type":"PropertyValueSpecification","valueRequired":true,"valueName":"search_term_string"}}],"inLanguage":"de"}]}},"_links":{"self":[{"href":"https:\/\/wasowo.pl\/de\/wp-json\/wp\/v2\/pages\/23725","targetHints":{"allow":["GET"]}}],"collection":[{"href":"https:\/\/wasowo.pl\/de\/wp-json\/wp\/v2\/pages"}],"about":[{"href":"https:\/\/wasowo.pl\/de\/wp-json\/wp\/v2\/types\/page"}],"author":[{"embeddable":true,"href":"https:\/\/wasowo.pl\/de\/wp-json\/wp\/v2\/users\/1"}],"replies":[{"embeddable":true,"href":"https:\/\/wasowo.pl\/de\/wp-json\/wp\/v2\/comments?post=23725"}],"version-history":[{"count":1,"href":"https:\/\/wasowo.pl\/de\/wp-json\/wp\/v2\/pages\/23725\/revisions"}],"predecessor-version":[{"id":23726,"href":"https:\/\/wasowo.pl\/de\/wp-json\/wp\/v2\/pages\/23725\/revisions\/23726"}],"wp:attachment":[{"href":"https:\/\/wasowo.pl\/de\/wp-json\/wp\/v2\/media?parent=23725"}],"curies":[{"name":"wp","href":"https:\/\/api.w.org\/{rel}","templated":true}]}}