{"id":23847,"date":"2024-12-09T15:24:11","date_gmt":"2024-12-09T14:24:11","guid":{"rendered":"https:\/\/wasowo.pl\/angebot\/"},"modified":"2025-04-23T10:04:36","modified_gmt":"2025-04-23T08:04:36","slug":"angebot","status":"publish","type":"page","link":"https:\/\/wasowo.pl\/de\/angebot\/","title":{"rendered":"Angebot"},"content":{"rendered":"\t\t<div data-elementor-type=\"wp-page\" data-elementor-id=\"23847\" class=\"elementor elementor-23847 elementor-16573\">\n\t\t\t\t        <section class=\"elementor-section elementor-top-section elementor-element elementor-element-e851332 elementor-section-boxed elementor-section-height-default elementor-section-height-default pxl-section-static-pos-no pxl-section-overflow-hidden-no pxl-container-margin-auto-no\" data-id=\"e851332\" data-element_type=\"section\">\n\n                \n                <div class=\"elementor-container elementor-column-gap-default \">\n                <div class=\"elementor-column elementor-col-100 elementor-top-column elementor-element elementor-element-5ed7813 col-offset-none pxl-column-element-default pxl-column-overflow-hidden-no\" data-id=\"5ed7813\" data-element_type=\"column\">\r\n        <div class=\"elementor-widget-wrap elementor-element-populated\">\r\n                    \t\t<div class=\"elementor-element elementor-element-cd33784 elementor-widget elementor-widget-pxl_text_editor\" data-id=\"cd33784\" data-element_type=\"widget\" data-settings=\"{&quot;_animation&quot;:&quot;none&quot;,&quot;_animation_delay&quot;:100}\" data-widget_type=\"pxl_text_editor.default\">\n\t\t\t\t<div class=\"elementor-widget-container\">\n\t\t\t\t\t<div id=\"pxl_text_editor-cd33784-1920\" class=\"pxl-text-editor-wrap d-flex \" >\n\t<div class=\"pxl-text-editor elementor-clearfix\">\n\t\t<p>Unser breit gef\u00e4chertes Angebot richtet sich an Einzelg\u00e4ste, an diejenigen, die eine private Party <strong>in der N\u00e4he von Pozna\u0144 <\/strong>veranstalten m\u00f6chten, und an Unternehmen. Die umliegende Natur ermutigt Sie, Veranstaltungen im Freien und Picknicks zu organisieren. Wir laden unsere G\u00e4ste zu zyklischen Veranstaltungen ein: die j\u00e4hrliche <strong>Hochzeitsgala<\/strong>, Silvester- und Faschingsb\u00e4lle, Osterfeiern und vieles mehr. <strong>Langj\u00e4hrige Erfahrung<\/strong>, ausgezeichnete K\u00fcche und professioneller Service garantieren eine erfolgreiche Veranstaltung. Werfen Sie einen Blick auf unser detailliertes Angebot, das Sie unten finden.   <\/p>\t\t\n\t<\/div>\n<\/div>\t\t\t\t<\/div>\n\t\t\t\t<\/div>\n\t\t                    <\/div>\r\n        <\/div>\r\n        \t\t\t<\/div>\n\t\t<\/section>\n\t\t        <section class=\"elementor-section elementor-top-section elementor-element elementor-element-25a3da3 elementor-section-full_width elementor-section-height-default elementor-section-height-default pxl-section-offset-none pxl-section-static-pos-no pxl-section-overflow-hidden-no pxl-container-margin-auto-no\" data-id=\"25a3da3\" data-element_type=\"section\">\n\n                \n                <div class=\"elementor-container elementor-column-gap-default \">\n                <div class=\"elementor-column elementor-col-33 elementor-top-column elementor-element elementor-element-7193f48 pxl-column-overflow-hidden-yes hover-show-readmore col-offset-none pxl-column-element-default pxl-pll-transform\" data-id=\"7193f48\" data-element_type=\"column\" data-settings=\"{&quot;background_background&quot;:&quot;classic&quot;}\">\r\n        <div class=\"elementor-widget-wrap elementor-element-populated\">\r\n            <div class=\"pxl-column-bg-parallax-outer\"><div class=\"pxl-column-bg-parallax\" data-parallax=\"{&quot;z&quot;:30}\"><\/div><\/div>                    <div class=\"elementor-background-overlay\"><\/div>\r\n        \t\t<div class=\"elementor-element elementor-element-f4e4bb4 elementor-widget elementor-widget-pxl_heading\" data-id=\"f4e4bb4\" data-element_type=\"widget\" data-widget_type=\"pxl_heading.default\">\n\t\t\t\t<div class=\"elementor-widget-container\">\n\t\t\t\t\t<div class=\"pxl-heading-wrap d-flex\">\n    <div class=\"pxl-heading-inner center \">\n                <h3 class=\"heading-title\">\n                        Ereignisse         <\/h3>\n            <\/div>\n<\/div>\n\n\t\t\t\t<\/div>\n\t\t\t\t<\/div>\n\t\t\t\t<div class=\"elementor-element elementor-element-befcb28 elementor-align-center elementor-widget elementor-widget-pxl_button\" data-id=\"befcb28\" data-element_type=\"widget\" data-settings=\"{&quot;_animation&quot;:&quot;none&quot;}\" data-widget_type=\"pxl_button.default\">\n\t\t\t\t<div class=\"elementor-widget-container\">\n\t\t\t\t\t<div id=\"pxl_button-befcb28-1765\" class=\"pxl-button-wrapper d-flex-wrap pxl-button-layout1\" >\r\n    <a href=\"https:\/\/wasowo.pl\/de\/ereignisse\/\" class=\"link-more link icon-ps-right underline-true underline_ has-icon\">\r\n        <span class=\"pxl-button-text\">Mehr<\/span>\r\n        <span aria-hidden=\"true\" class=\"pxl-button-icon pxl-icon right pxli pxli-long-arrow-right\"><\/span>    <\/a>\r\n<\/div>\t\t\t\t<\/div>\n\t\t\t\t<\/div>\n\t\t                    <\/div>\r\n        <\/div>\r\n                <div class=\"elementor-column elementor-col-33 elementor-top-column elementor-element elementor-element-bec7401 pxl-column-overflow-hidden-yes hover-show-readmore col-offset-none pxl-column-element-default pxl-pll-transform\" data-id=\"bec7401\" data-element_type=\"column\" data-settings=\"{&quot;background_background&quot;:&quot;classic&quot;}\">\r\n        <div class=\"elementor-widget-wrap elementor-element-populated\">\r\n            <div class=\"pxl-column-bg-parallax-outer\"><div class=\"pxl-column-bg-parallax\" data-parallax=\"{&quot;y&quot;:-30}\"><\/div><\/div>                    <div class=\"elementor-background-overlay\"><\/div>\r\n        \t\t<div class=\"elementor-element elementor-element-ae5aad5 elementor-widget elementor-widget-pxl_heading\" data-id=\"ae5aad5\" data-element_type=\"widget\" data-widget_type=\"pxl_heading.default\">\n\t\t\t\t<div class=\"elementor-widget-container\">\n\t\t\t\t\t<div class=\"pxl-heading-wrap d-flex\">\n    <div class=\"pxl-heading-inner center \">\n                <h3 class=\"heading-title\">\n                        Hochzeiten         <\/h3>\n            <\/div>\n<\/div>\n\n\t\t\t\t<\/div>\n\t\t\t\t<\/div>\n\t\t\t\t<div class=\"elementor-element elementor-element-5cd3b01 elementor-align-center elementor-widget elementor-widget-pxl_button\" data-id=\"5cd3b01\" data-element_type=\"widget\" data-widget_type=\"pxl_button.default\">\n\t\t\t\t<div class=\"elementor-widget-container\">\n\t\t\t\t\t<div id=\"pxl_button-5cd3b01-3574\" class=\"pxl-button-wrapper d-flex-wrap pxl-button-layout1\" >\r\n    <a href=\"https:\/\/wasowo.pl\/de\/angebot\/hochzeitssaele\/\" class=\"link-more link icon-ps-right underline-true underline_ has-icon\">\r\n        <span class=\"pxl-button-text\">Mehr<\/span>\r\n        <span aria-hidden=\"true\" class=\"pxl-button-icon pxl-icon right pxli pxli-long-arrow-right\"><\/span>    <\/a>\r\n<\/div>\t\t\t\t<\/div>\n\t\t\t\t<\/div>\n\t\t                    <\/div>\r\n        <\/div>\r\n                <div class=\"elementor-column elementor-col-33 elementor-top-column elementor-element elementor-element-d9b04ef pxl-column-overflow-hidden-yes hover-show-readmore col-offset-none pxl-column-element-default pxl-pll-transform\" data-id=\"d9b04ef\" data-element_type=\"column\" data-settings=\"{&quot;background_background&quot;:&quot;classic&quot;}\">\r\n        <div class=\"elementor-widget-wrap elementor-element-populated\">\r\n            <div class=\"pxl-column-bg-parallax-outer\"><div class=\"pxl-column-bg-parallax\" data-parallax=\"{&quot;z&quot;:30}\"><\/div><\/div>                    <div class=\"elementor-background-overlay\"><\/div>\r\n        \t\t<div class=\"elementor-element elementor-element-368bb56 elementor-widget elementor-widget-pxl_heading\" data-id=\"368bb56\" data-element_type=\"widget\" data-widget_type=\"pxl_heading.default\">\n\t\t\t\t<div class=\"elementor-widget-container\">\n\t\t\t\t\t<div class=\"pxl-heading-wrap d-flex\">\n    <div class=\"pxl-heading-inner center \">\n                <h3 class=\"heading-title\">\n                        Gelegentliche Ereignisse         <\/h3>\n            <\/div>\n<\/div>\n\n\t\t\t\t<\/div>\n\t\t\t\t<\/div>\n\t\t\t\t<div class=\"elementor-element elementor-element-e49ab5c elementor-align-center elementor-widget elementor-widget-pxl_button\" data-id=\"e49ab5c\" data-element_type=\"widget\" data-widget_type=\"pxl_button.default\">\n\t\t\t\t<div class=\"elementor-widget-container\">\n\t\t\t\t\t<div id=\"pxl_button-e49ab5c-5744\" class=\"pxl-button-wrapper d-flex-wrap pxl-button-layout1\" >\r\n    <a href=\"https:\/\/wasowo.pl\/de\/angebot\/besondere-ereignisse\/\" class=\"link-more link icon-ps-right underline-true underline_ has-icon\">\r\n        <span class=\"pxl-button-text\">Mehr<\/span>\r\n        <span aria-hidden=\"true\" class=\"pxl-button-icon pxl-icon right pxli pxli-long-arrow-right\"><\/span>    <\/a>\r\n<\/div>\t\t\t\t<\/div>\n\t\t\t\t<\/div>\n\t\t                    <\/div>\r\n        <\/div>\r\n        \t\t\t<\/div>\n\t\t<\/section>\n\t\t        <section class=\"elementor-section elementor-top-section elementor-element elementor-element-82552d1 elementor-section-full_width elementor-section-height-default elementor-section-height-default pxl-section-offset-none pxl-section-static-pos-no pxl-section-overflow-hidden-no pxl-container-margin-auto-no\" data-id=\"82552d1\" data-element_type=\"section\">\n\n                \n                <div class=\"elementor-container elementor-column-gap-default \">\n                <div class=\"elementor-column elementor-col-33 elementor-top-column elementor-element elementor-element-c619686 pxl-column-overflow-hidden-yes hover-show-readmore col-offset-none pxl-column-element-default pxl-pll-transform\" data-id=\"c619686\" data-element_type=\"column\" data-settings=\"{&quot;background_background&quot;:&quot;classic&quot;}\">\r\n        <div class=\"elementor-widget-wrap elementor-element-populated\">\r\n            <div class=\"pxl-column-bg-parallax-outer\"><div class=\"pxl-column-bg-parallax\" data-parallax=\"{&quot;z&quot;:30}\"><\/div><\/div>                    <div class=\"elementor-background-overlay\"><\/div>\r\n        \t\t<div class=\"elementor-element elementor-element-bd6b6bf elementor-widget elementor-widget-pxl_heading\" data-id=\"bd6b6bf\" data-element_type=\"widget\" data-widget_type=\"pxl_heading.default\">\n\t\t\t\t<div class=\"elementor-widget-container\">\n\t\t\t\t\t<div class=\"pxl-heading-wrap d-flex\">\n    <div class=\"pxl-heading-inner center \">\n                <h3 class=\"heading-title\">\n                        F\u00fcr Unternehmen         <\/h3>\n            <\/div>\n<\/div>\n\n\t\t\t\t<\/div>\n\t\t\t\t<\/div>\n\t\t\t\t<div class=\"elementor-element elementor-element-2ac50ca elementor-align-center elementor-widget elementor-widget-pxl_button\" data-id=\"2ac50ca\" data-element_type=\"widget\" data-widget_type=\"pxl_button.default\">\n\t\t\t\t<div class=\"elementor-widget-container\">\n\t\t\t\t\t<div id=\"pxl_button-2ac50ca-6812\" class=\"pxl-button-wrapper d-flex-wrap pxl-button-layout1\" >\r\n    <a href=\"https:\/\/wasowo.pl\/de\/angebot\/fuer-unternehmen\/\" class=\"link-more link icon-ps-right underline-true underline_ has-icon\">\r\n        <span class=\"pxl-button-text\">Mehr<\/span>\r\n        <span aria-hidden=\"true\" class=\"pxl-button-icon pxl-icon right pxli pxli-long-arrow-right\"><\/span>    <\/a>\r\n<\/div>\t\t\t\t<\/div>\n\t\t\t\t<\/div>\n\t\t                    <\/div>\r\n        <\/div>\r\n                <div class=\"elementor-column elementor-col-33 elementor-top-column elementor-element elementor-element-90b7500 pxl-column-overflow-hidden-yes hover-show-readmore col-offset-none pxl-column-element-default pxl-pll-transform\" data-id=\"90b7500\" data-element_type=\"column\" data-settings=\"{&quot;background_background&quot;:&quot;classic&quot;}\">\r\n        <div class=\"elementor-widget-wrap elementor-element-populated\">\r\n            <div class=\"pxl-column-bg-parallax-outer\"><div class=\"pxl-column-bg-parallax\" data-parallax=\"{&quot;y&quot;:-30}\"><\/div><\/div>                    <div class=\"elementor-background-overlay\"><\/div>\r\n        \t\t<div class=\"elementor-element elementor-element-7da5898 elementor-widget elementor-widget-pxl_heading\" data-id=\"7da5898\" data-element_type=\"widget\" data-widget_type=\"pxl_heading.default\">\n\t\t\t\t<div class=\"elementor-widget-container\">\n\t\t\t\t\t<div class=\"pxl-heading-wrap d-flex\">\n    <div class=\"pxl-heading-inner center \">\n                <h3 class=\"heading-title\">\n                        Sonderangebote         <\/h3>\n            <\/div>\n<\/div>\n\n\t\t\t\t<\/div>\n\t\t\t\t<\/div>\n\t\t\t\t<div class=\"elementor-element elementor-element-54ec6f7 elementor-align-center elementor-widget elementor-widget-pxl_button\" data-id=\"54ec6f7\" data-element_type=\"widget\" data-widget_type=\"pxl_button.default\">\n\t\t\t\t<div class=\"elementor-widget-container\">\n\t\t\t\t\t<div id=\"pxl_button-54ec6f7-9231\" class=\"pxl-button-wrapper d-flex-wrap pxl-button-layout1\" >\r\n    <a href=\"https:\/\/wasowo.pl\/de\/besondere-angebote\/\" class=\"link-more link icon-ps-right underline-true underline_ has-icon\">\r\n        <span class=\"pxl-button-text\">Mehr<\/span>\r\n        <span aria-hidden=\"true\" class=\"pxl-button-icon pxl-icon right pxli pxli-long-arrow-right\"><\/span>    <\/a>\r\n<\/div>\t\t\t\t<\/div>\n\t\t\t\t<\/div>\n\t\t                    <\/div>\r\n        <\/div>\r\n                <div class=\"elementor-column elementor-col-33 elementor-top-column elementor-element elementor-element-676be49 pxl-column-overflow-hidden-yes hover-show-readmore col-offset-none pxl-column-element-default\" data-id=\"676be49\" data-element_type=\"column\" data-settings=\"{&quot;background_background&quot;:&quot;classic&quot;}\">\r\n        <div class=\"elementor-widget-wrap\">\r\n                                <div class=\"elementor-background-overlay\"><\/div>\r\n                            <\/div>\r\n        <\/div>\r\n        \t\t\t<\/div>\n\t\t<\/section>\n\t\t\t\t<\/div>\n\t\t","protected":false},"excerpt":{"rendered":"<p>Nasz\u0105 bogat\u0105 ofert\u0119 kierujemy zar\u00f3wno do go\u015bci indywidualnych, os\u00f3b chc\u0105cych zorganizowa\u0107 przyj\u0119cie prywatne pod Poznaniem oraz firm. Otaczaj\u0105ca przyroda zach\u0119ca do organizacji imprez plenerwoych i piknik\u00f3w. Naszych Go\u015bci zapraszamy na wydarzenia cykliczne: coroczna Gala \u015alubna, bale sylwestrowe i karnawa\u0142owe, \u015bwi\u0119ta wielkanocne i wiele wi\u0119cej. Wieloletnie do\u015bwiadczenie, wy\u015bmienita kuchnia oraz profesjonalny serwis, to gwarancja udanego spotkania. [&hellip;]<\/p>\n","protected":false},"author":1,"featured_media":0,"parent":0,"menu_order":0,"comment_status":"closed","ping_status":"closed","template":"","meta":{"inline_featured_image":false,"footnotes":""},"class_list":["post-23847","page","type-page","status-publish","hentry"],"yoast_head":"<!-- This site is optimized with the Yoast SEO plugin v24.8 - https:\/\/yoast.com\/wordpress\/plugins\/seo\/ -->\n<title>Angebot | Schloss W\u0105sowo<\/title>\n<meta name=\"description\" content=\"Unser umfangreiches Angebot richtet sich sowohl an Unternehmen als auch an diejenigen, die eine private Party in der N\u00e4he von Pozna\u0144 veranstalten m\u00f6chten. Es ist ein gro\u00dfartiger Ort, um Veranstaltungen im Freien und Picknicks zu organisieren. Wir laden unsere G\u00e4ste zu zyklischen Veranstaltungen ein: die j\u00e4hrliche Hochzeitsgala, Silvester- und Faschingsb\u00e4lle, Osterfeiern oder Weihnachtsliederkonzerte. Langj\u00e4hrige Erfahrung, ausgezeichnete K\u00fcche und professionelle...\" \/>\n<meta name=\"robots\" content=\"index, follow, max-snippet:-1, max-image-preview:large, max-video-preview:-1\" \/>\n<link rel=\"canonical\" href=\"https:\/\/wasowo.pl\/de\/angebot\/\" \/>\n<meta property=\"og:locale\" content=\"de_DE\" \/>\n<meta property=\"og:type\" content=\"article\" \/>\n<meta property=\"og:title\" content=\"Angebot | Schloss W\u0105sowo\" \/>\n<meta property=\"og:description\" content=\"Unser umfangreiches Angebot richtet sich sowohl an Unternehmen als auch an diejenigen, die eine private Party in der N\u00e4he von Pozna\u0144 veranstalten m\u00f6chten. Es ist ein gro\u00dfartiger Ort, um Veranstaltungen im Freien und Picknicks zu organisieren. Wir laden unsere G\u00e4ste zu zyklischen Veranstaltungen ein: die j\u00e4hrliche Hochzeitsgala, Silvester- und Faschingsb\u00e4lle, Osterfeiern oder Weihnachtsliederkonzerte. Langj\u00e4hrige Erfahrung, ausgezeichnete K\u00fcche und professionelle...\" \/>\n<meta property=\"og:url\" content=\"https:\/\/wasowo.pl\/de\/angebot\/\" \/>\n<meta property=\"og:site_name\" content=\"Pa\u0142ac W\u0105sowo\" \/>\n<meta property=\"article:modified_time\" content=\"2025-04-23T08:04:36+00:00\" \/>\n<meta name=\"twitter:card\" content=\"summary_large_image\" \/>\n<meta name=\"twitter:label1\" content=\"Gesch\u00e4tzte Lesezeit\" \/>\n\t<meta name=\"twitter:data1\" content=\"1\u00a0Minute\" \/>\n<!-- \/ Yoast SEO plugin. -->","yoast_head_json":{"title":"Angebot | Schloss W\u0105sowo","description":"Unser umfangreiches Angebot richtet sich sowohl an Unternehmen als auch an diejenigen, die eine private Party in der N\u00e4he von Pozna\u0144 veranstalten m\u00f6chten. Es ist ein gro\u00dfartiger Ort, um Veranstaltungen im Freien und Picknicks zu organisieren. Wir laden unsere G\u00e4ste zu zyklischen Veranstaltungen ein: die j\u00e4hrliche Hochzeitsgala, Silvester- und Faschingsb\u00e4lle, Osterfeiern oder Weihnachtsliederkonzerte. Langj\u00e4hrige Erfahrung, ausgezeichnete K\u00fcche und professionelle...","robots":{"index":"index","follow":"follow","max-snippet":"max-snippet:-1","max-image-preview":"max-image-preview:large","max-video-preview":"max-video-preview:-1"},"canonical":"https:\/\/wasowo.pl\/de\/angebot\/","og_locale":"de_DE","og_type":"article","og_title":"Angebot | Schloss W\u0105sowo","og_description":"Unser umfangreiches Angebot richtet sich sowohl an Unternehmen als auch an diejenigen, die eine private Party in der N\u00e4he von Pozna\u0144 veranstalten m\u00f6chten. Es ist ein gro\u00dfartiger Ort, um Veranstaltungen im Freien und Picknicks zu organisieren. Wir laden unsere G\u00e4ste zu zyklischen Veranstaltungen ein: die j\u00e4hrliche Hochzeitsgala, Silvester- und Faschingsb\u00e4lle, Osterfeiern oder Weihnachtsliederkonzerte. Langj\u00e4hrige Erfahrung, ausgezeichnete K\u00fcche und professionelle...","og_url":"https:\/\/wasowo.pl\/de\/angebot\/","og_site_name":"Pa\u0142ac W\u0105sowo","article_modified_time":"2025-04-23T08:04:36+00:00","twitter_card":"summary_large_image","twitter_misc":{"Gesch\u00e4tzte Lesezeit":"1\u00a0Minute"},"schema":{"@context":"https:\/\/schema.org","@graph":[{"@type":"WebPage","@id":"https:\/\/wasowo.pl\/de\/angebot\/","url":"https:\/\/wasowo.pl\/de\/angebot\/","name":"Angebot | Schloss W\u0105sowo","isPartOf":{"@id":"https:\/\/wasowo.pl\/de\/#website"},"datePublished":"2024-12-09T14:24:11+00:00","dateModified":"2025-04-23T08:04:36+00:00","description":"Unser umfangreiches Angebot richtet sich sowohl an Unternehmen als auch an diejenigen, die eine private Party in der N\u00e4he von Pozna\u0144 veranstalten m\u00f6chten. Es ist ein gro\u00dfartiger Ort, um Veranstaltungen im Freien und Picknicks zu organisieren. Wir laden unsere G\u00e4ste zu zyklischen Veranstaltungen ein: die j\u00e4hrliche Hochzeitsgala, Silvester- und Faschingsb\u00e4lle, Osterfeiern oder Weihnachtsliederkonzerte. Langj\u00e4hrige Erfahrung, ausgezeichnete K\u00fcche und professionelle...","breadcrumb":{"@id":"https:\/\/wasowo.pl\/de\/angebot\/#breadcrumb"},"inLanguage":"de","potentialAction":[{"@type":"ReadAction","target":["https:\/\/wasowo.pl\/de\/angebot\/"]}]},{"@type":"BreadcrumbList","@id":"https:\/\/wasowo.pl\/de\/angebot\/#breadcrumb","itemListElement":[{"@type":"ListItem","position":1,"name":"Strona g\u0142\u00f3wna","item":"https:\/\/wasowo.pl\/de\/"},{"@type":"ListItem","position":2,"name":"Angebot"}]},{"@type":"WebSite","@id":"https:\/\/wasowo.pl\/de\/#website","url":"https:\/\/wasowo.pl\/de\/","name":"Pa\u0142ac W\u0105sowo","description":"","potentialAction":[{"@type":"SearchAction","target":{"@type":"EntryPoint","urlTemplate":"https:\/\/wasowo.pl\/de\/?s={search_term_string}"},"query-input":{"@type":"PropertyValueSpecification","valueRequired":true,"valueName":"search_term_string"}}],"inLanguage":"de"}]}},"_links":{"self":[{"href":"https:\/\/wasowo.pl\/de\/wp-json\/wp\/v2\/pages\/23847","targetHints":{"allow":["GET"]}}],"collection":[{"href":"https:\/\/wasowo.pl\/de\/wp-json\/wp\/v2\/pages"}],"about":[{"href":"https:\/\/wasowo.pl\/de\/wp-json\/wp\/v2\/types\/page"}],"author":[{"embeddable":true,"href":"https:\/\/wasowo.pl\/de\/wp-json\/wp\/v2\/users\/1"}],"replies":[{"embeddable":true,"href":"https:\/\/wasowo.pl\/de\/wp-json\/wp\/v2\/comments?post=23847"}],"version-history":[{"count":7,"href":"https:\/\/wasowo.pl\/de\/wp-json\/wp\/v2\/pages\/23847\/revisions"}],"predecessor-version":[{"id":24381,"href":"https:\/\/wasowo.pl\/de\/wp-json\/wp\/v2\/pages\/23847\/revisions\/24381"}],"wp:attachment":[{"href":"https:\/\/wasowo.pl\/de\/wp-json\/wp\/v2\/media?parent=23847"}],"curies":[{"name":"wp","href":"https:\/\/api.w.org\/{rel}","templated":true}]}}