{"id":23860,"date":"2024-12-09T15:23:29","date_gmt":"2024-12-09T14:23:29","guid":{"rendered":"https:\/\/wasowo.pl\/buchen\/"},"modified":"2025-04-15T11:53:59","modified_gmt":"2025-04-15T09:53:59","slug":"buchen","status":"publish","type":"page","link":"https:\/\/wasowo.pl\/de\/buchen\/","title":{"rendered":"Buchen"},"content":{"rendered":"\t\t<div data-elementor-type=\"wp-page\" data-elementor-id=\"23860\" class=\"elementor elementor-23860 elementor-16565\">\n\t\t\t\t        <section class=\"elementor-section elementor-top-section elementor-element elementor-element-6e83511 elementor-section-content-middle elementor-section-boxed elementor-section-height-default elementor-section-height-default pxl-section-static-pos-no pxl-section-overflow-hidden-no pxl-container-margin-auto-no\" data-id=\"6e83511\" data-element_type=\"section\">\n\n                \n                <div class=\"elementor-container elementor-column-gap-default \">\n                <div class=\"elementor-column elementor-col-33 elementor-top-column elementor-element elementor-element-c2e87bc col-offset-none pxl-column-element-default pxl-column-overflow-hidden-no\" data-id=\"c2e87bc\" data-element_type=\"column\">\r\n        <div class=\"elementor-widget-wrap elementor-element-populated\">\r\n                    \t\t<div class=\"elementor-element elementor-element-14066f7 elementor-hidden-mobile elementor-widget elementor-widget-pxl_divider\" data-id=\"14066f7\" data-element_type=\"widget\" data-widget_type=\"pxl_divider.default\">\n\t\t\t\t<div class=\"elementor-widget-container\">\n\t\t\t\t\t<div class=\"pxl-divider horizontal animated reversal normal\"><div class=\"pxl-divider-separator\"><\/div><\/div>\t\t\t\t<\/div>\n\t\t\t\t<\/div>\n\t\t                    <\/div>\r\n        <\/div>\r\n                <div class=\"elementor-column elementor-col-33 elementor-top-column elementor-element elementor-element-883b30b col-offset-none pxl-column-element-default pxl-column-overflow-hidden-no\" data-id=\"883b30b\" data-element_type=\"column\">\r\n        <div class=\"elementor-widget-wrap elementor-element-populated\">\r\n                    \t\t<div class=\"elementor-element elementor-element-3c33174 elementor-widget__width-auto elementor-widget elementor-widget-pxl_heading\" data-id=\"3c33174\" data-element_type=\"widget\" data-widget_type=\"pxl_heading.default\">\n\t\t\t\t<div class=\"elementor-widget-container\">\n\t\t\t\t\t<div class=\"pxl-heading-wrap d-flex\">\n    <div class=\"pxl-heading-inner center \">\n                <h2 class=\"heading-title pxl-split-text split-in-right\">\n                        Entdecken Sie die Magie eines historischen Objekts, das sich unter der Natur befindet. Der perfekte Ort, um sich zu entspannen und besondere Momente zu feiern!         <\/h2>\n            <\/div>\n<\/div>\n\n\t\t\t\t<\/div>\n\t\t\t\t<\/div>\n\t\t                    <\/div>\r\n        <\/div>\r\n                <div class=\"elementor-column elementor-col-33 elementor-top-column elementor-element elementor-element-0e4a6b7 col-offset-none pxl-column-element-default pxl-column-overflow-hidden-no\" data-id=\"0e4a6b7\" data-element_type=\"column\">\r\n        <div class=\"elementor-widget-wrap elementor-element-populated\">\r\n                    \t\t<div class=\"elementor-element elementor-element-6e1ffab elementor-hidden-mobile elementor-widget elementor-widget-pxl_divider\" data-id=\"6e1ffab\" data-element_type=\"widget\" data-widget_type=\"pxl_divider.default\">\n\t\t\t\t<div class=\"elementor-widget-container\">\n\t\t\t\t\t<div class=\"pxl-divider horizontal animated normal\"><div class=\"pxl-divider-separator\"><\/div><\/div>\t\t\t\t<\/div>\n\t\t\t\t<\/div>\n\t\t                    <\/div>\r\n        <\/div>\r\n        \t\t\t<\/div>\n\t\t<\/section>\n\t\t        <section class=\"elementor-section elementor-top-section elementor-element elementor-element-35abdd6 elementor-section-boxed elementor-section-height-default elementor-section-height-default pxl-section-static-pos-no pxl-section-overflow-hidden-no pxl-container-margin-auto-no\" data-id=\"35abdd6\" data-element_type=\"section\">\n\n                \n                <div class=\"elementor-container elementor-column-gap-default \">\n                <div class=\"elementor-column elementor-col-100 elementor-top-column elementor-element elementor-element-1e1ac11 col-offset-none pxl-column-element-default pxl-column-overflow-hidden-no\" data-id=\"1e1ac11\" data-element_type=\"column\">\r\n        <div class=\"elementor-widget-wrap elementor-element-populated\">\r\n                    \t\t<div class=\"elementor-element elementor-element-65241ce elementor-widget__width-auto elementor-widget elementor-widget-html\" data-id=\"65241ce\" data-element_type=\"widget\" data-widget_type=\"html.default\">\n\t\t\t\t<div class=\"elementor-widget-container\">\n\t\t\t\t\t<a href=\"#rezerwuj\" class=\"rezerwacja_online pxl-btn default icon-ps-right\" onclick=\"Booking.Open(); return false;\">\n        <span class=\"pxl-button-text\">Online buchen<\/span>\n            <\/a>\t\t\t\t<\/div>\n\t\t\t\t<\/div>\n\t\t\t\t<div class=\"elementor-element elementor-element-b96c35d pxl-contact-info-layout-1 elementor-widget elementor-widget-pxl_contact_info\" data-id=\"b96c35d\" data-element_type=\"widget\" data-widget_type=\"pxl_contact_info.default\">\n\t\t\t\t<div class=\"elementor-widget-container\">\n\t\t\t\t\t<div class=\"pxl-ci-wrap layout-1 relative \">\r\n\t<div class=\"ci-content-wrap d-flex align-items-center\">\r\n\t\t            <div class=\"ci-icon\">\r\n                <span aria-hidden=\"true\" class=\"pxl-icon bi bi-telephone\"><\/span>            <\/div>\r\n        \t\t<div class=\"ci-content\">\r\n\t\t\t\t\t\t\t\t\t\t<div class=\"ci-desc\"><a href=\"tel:048697060684\">+48 697 060 684<\/a><\/div> \r\n\t\t\t\t\t\t\t\t<\/div>\r\n\t<\/div>\r\n<\/div>\t\t\t\t<\/div>\n\t\t\t\t<\/div>\n\t\t\t\t<div class=\"elementor-element elementor-element-aafc785 pxl-contact-info-layout-1 elementor-widget elementor-widget-pxl_contact_info\" data-id=\"aafc785\" data-element_type=\"widget\" data-widget_type=\"pxl_contact_info.default\">\n\t\t\t\t<div class=\"elementor-widget-container\">\n\t\t\t\t\t<div class=\"pxl-ci-wrap layout-1 relative \">\r\n\t<div class=\"ci-content-wrap d-flex align-items-center\">\r\n\t\t            <div class=\"ci-icon\">\r\n                <span aria-hidden=\"true\" class=\"pxl-icon cmli cmli-email\"><\/span>            <\/div>\r\n        \t\t<div class=\"ci-content\">\r\n\t\t\t\t\t\t\t\t\t\t<div class=\"ci-desc\"><a href=\"mailto:wasowo@wasowo.pl\">wasowo@wasowo.pl<\/a><\/div> \r\n\t\t\t\t\t\t\t\t<\/div>\r\n\t<\/div>\r\n<\/div>\t\t\t\t<\/div>\n\t\t\t\t<\/div>\n\t\t                    <\/div>\r\n        <\/div>\r\n        \t\t\t<\/div>\n\t\t<\/section>\n\t\t\t\t<\/div>\n\t\t","protected":false},"excerpt":{"rendered":"<p>Entdecken Sie die Magie eines historischen Objekts, das sich unter der Natur befindet. Der perfekte Ort, um sich zu entspannen und besondere Momente zu feiern! Online buchen +48 697 060 684 wasowo@wasowo.pl<\/p>\n","protected":false},"author":1,"featured_media":0,"parent":0,"menu_order":0,"comment_status":"closed","ping_status":"closed","template":"","meta":{"inline_featured_image":false,"footnotes":""},"class_list":["post-23860","page","type-page","status-publish","hentry"],"yoast_head":"<!-- This site is optimized with the Yoast SEO plugin v24.8 - https:\/\/yoast.com\/wordpress\/plugins\/seo\/ -->\n<title>Reservierung | Schloss W\u0105sowo<\/title>\n<meta name=\"description\" content=\"Zimmer sofort verf\u00fcgbar! Buchen Sie ein Zimmer im W\u0105sowo Palace. Wir k\u00fcmmern uns um jedes Detail. Erleben Sie die h\u00f6chste Qualit\u00e4t des Service. Online-Buchung +48 697 060 684\" \/>\n<meta name=\"robots\" content=\"index, follow, max-snippet:-1, max-image-preview:large, max-video-preview:-1\" \/>\n<link rel=\"canonical\" href=\"https:\/\/wasowo.pl\/de\/buchen\/\" \/>\n<meta property=\"og:locale\" content=\"de_DE\" \/>\n<meta property=\"og:type\" content=\"article\" \/>\n<meta property=\"og:title\" content=\"Reservierung | Schloss W\u0105sowo\" \/>\n<meta property=\"og:description\" content=\"Zimmer sofort verf\u00fcgbar! Buchen Sie ein Zimmer im W\u0105sowo Palace. Wir k\u00fcmmern uns um jedes Detail. Erleben Sie die h\u00f6chste Qualit\u00e4t des Service. Online-Buchung +48 697 060 684\" \/>\n<meta property=\"og:url\" content=\"https:\/\/wasowo.pl\/de\/buchen\/\" \/>\n<meta property=\"og:site_name\" content=\"Pa\u0142ac W\u0105sowo\" \/>\n<meta property=\"article:modified_time\" content=\"2025-04-15T09:53:59+00:00\" \/>\n<meta name=\"twitter:card\" content=\"summary_large_image\" \/>\n<meta name=\"twitter:label1\" content=\"Gesch\u00e4tzte Lesezeit\" \/>\n\t<meta name=\"twitter:data1\" content=\"1\u00a0Minute\" \/>\n<!-- \/ Yoast SEO plugin. -->","yoast_head_json":{"title":"Reservierung | Schloss W\u0105sowo","description":"Zimmer sofort verf\u00fcgbar! Buchen Sie ein Zimmer im W\u0105sowo Palace. Wir k\u00fcmmern uns um jedes Detail. Erleben Sie die h\u00f6chste Qualit\u00e4t des Service. Online-Buchung +48 697 060 684","robots":{"index":"index","follow":"follow","max-snippet":"max-snippet:-1","max-image-preview":"max-image-preview:large","max-video-preview":"max-video-preview:-1"},"canonical":"https:\/\/wasowo.pl\/de\/buchen\/","og_locale":"de_DE","og_type":"article","og_title":"Reservierung | Schloss W\u0105sowo","og_description":"Zimmer sofort verf\u00fcgbar! Buchen Sie ein Zimmer im W\u0105sowo Palace. Wir k\u00fcmmern uns um jedes Detail. Erleben Sie die h\u00f6chste Qualit\u00e4t des Service. Online-Buchung +48 697 060 684","og_url":"https:\/\/wasowo.pl\/de\/buchen\/","og_site_name":"Pa\u0142ac W\u0105sowo","article_modified_time":"2025-04-15T09:53:59+00:00","twitter_card":"summary_large_image","twitter_misc":{"Gesch\u00e4tzte Lesezeit":"1\u00a0Minute"},"schema":{"@context":"https:\/\/schema.org","@graph":[{"@type":"WebPage","@id":"https:\/\/wasowo.pl\/de\/buchen\/","url":"https:\/\/wasowo.pl\/de\/buchen\/","name":"Reservierung | Schloss W\u0105sowo","isPartOf":{"@id":"https:\/\/wasowo.pl\/de\/#website"},"datePublished":"2024-12-09T14:23:29+00:00","dateModified":"2025-04-15T09:53:59+00:00","description":"Zimmer sofort verf\u00fcgbar! Buchen Sie ein Zimmer im W\u0105sowo Palace. Wir k\u00fcmmern uns um jedes Detail. Erleben Sie die h\u00f6chste Qualit\u00e4t des Service. Online-Buchung +48 697 060 684","breadcrumb":{"@id":"https:\/\/wasowo.pl\/de\/buchen\/#breadcrumb"},"inLanguage":"de","potentialAction":[{"@type":"ReadAction","target":["https:\/\/wasowo.pl\/de\/buchen\/"]}]},{"@type":"BreadcrumbList","@id":"https:\/\/wasowo.pl\/de\/buchen\/#breadcrumb","itemListElement":[{"@type":"ListItem","position":1,"name":"Strona g\u0142\u00f3wna","item":"https:\/\/wasowo.pl\/de\/"},{"@type":"ListItem","position":2,"name":"Buchen"}]},{"@type":"WebSite","@id":"https:\/\/wasowo.pl\/de\/#website","url":"https:\/\/wasowo.pl\/de\/","name":"Pa\u0142ac W\u0105sowo","description":"","potentialAction":[{"@type":"SearchAction","target":{"@type":"EntryPoint","urlTemplate":"https:\/\/wasowo.pl\/de\/?s={search_term_string}"},"query-input":{"@type":"PropertyValueSpecification","valueRequired":true,"valueName":"search_term_string"}}],"inLanguage":"de"}]}},"_links":{"self":[{"href":"https:\/\/wasowo.pl\/de\/wp-json\/wp\/v2\/pages\/23860","targetHints":{"allow":["GET"]}}],"collection":[{"href":"https:\/\/wasowo.pl\/de\/wp-json\/wp\/v2\/pages"}],"about":[{"href":"https:\/\/wasowo.pl\/de\/wp-json\/wp\/v2\/types\/page"}],"author":[{"embeddable":true,"href":"https:\/\/wasowo.pl\/de\/wp-json\/wp\/v2\/users\/1"}],"replies":[{"embeddable":true,"href":"https:\/\/wasowo.pl\/de\/wp-json\/wp\/v2\/comments?post=23860"}],"version-history":[{"count":4,"href":"https:\/\/wasowo.pl\/de\/wp-json\/wp\/v2\/pages\/23860\/revisions"}],"predecessor-version":[{"id":24063,"href":"https:\/\/wasowo.pl\/de\/wp-json\/wp\/v2\/pages\/23860\/revisions\/24063"}],"wp:attachment":[{"href":"https:\/\/wasowo.pl\/de\/wp-json\/wp\/v2\/media?parent=23860"}],"curies":[{"name":"wp","href":"https:\/\/api.w.org\/{rel}","templated":true}]}}