{"id":23896,"date":"2024-12-09T15:28:41","date_gmt":"2024-12-09T14:28:41","guid":{"rendered":"https:\/\/wasowo.pl\/galerie\/"},"modified":"2025-04-15T15:53:45","modified_gmt":"2025-04-15T13:53:45","slug":"galerie","status":"publish","type":"page","link":"https:\/\/wasowo.pl\/de\/galerie\/","title":{"rendered":"Galerie"},"content":{"rendered":"\t\t<div data-elementor-type=\"wp-page\" data-elementor-id=\"23896\" class=\"elementor elementor-23896 elementor-16608\">\n\t\t\t\t        <section class=\"elementor-section elementor-top-section elementor-element elementor-element-418cdea elementor-section-full_width elementor-section-height-default elementor-section-height-default pxl-section-offset-none pxl-section-static-pos-no pxl-section-overflow-hidden-no pxl-container-margin-auto-no\" data-id=\"418cdea\" data-element_type=\"section\">\n\n                \n                <div class=\"elementor-container elementor-column-gap-no \">\n                <div class=\"elementor-column elementor-col-25 elementor-top-column elementor-element elementor-element-224a565 pxl-column-overflow-hidden-yes hover-zoom-pll col-offset-none pxl-column-element-default pxl-pll-transform\" data-id=\"224a565\" data-element_type=\"column\">\r\n        <div class=\"elementor-widget-wrap elementor-element-populated\">\r\n            <div class=\"pxl-column-bg-parallax-outer\"><div class=\"pxl-column-bg-parallax\" data-parallax=\"{&quot;y&quot;:-20}\"><\/div><\/div>        \t\t<div class=\"elementor-element elementor-element-3155f8a pxl-fancybox-layout-2 pxl-svg-animated-true elementor-widget elementor-widget-pxl_fancy_box\" data-id=\"3155f8a\" data-element_type=\"widget\" data-settings=\"{&quot;animate_speed&quot;:2}\" data-widget_type=\"pxl_fancy_box.default\">\n\t\t\t\t<div class=\"elementor-widget-container\">\n\t\t\t\t\t \r\n<div class=\"pxl-fancybox-wrap d-flex text-center layout-2\">\r\n    <div class=\"fancybox-inner relative \">\r\n                \r\n        <div class=\"inner-wrap\">\r\n                          \r\n            <div class=\"pxl-fancybox-content\">\r\n                                <h3 class=\"title pxl-heading\">\r\n                    Hochzeitsgala                <\/h3>\r\n                                                <a class=\"pxl-readmore d-inline-flex align-items-center\" href=\"\/galeria\/gala-slubna\">                    <span class=\"pxl-button-text\">Siehe die Galerie<\/span>\r\n                    <span class=\"pxl-icon pxli-long-arrow-right\"><\/span>\r\n                <\/a>            <\/div> \r\n        <\/div>\r\n        <div class=\"title-bottom\">\r\n                            <h3 class=\"title pxl-heading\">\r\n                    Hochzeitsgala                <\/h3>\r\n                    <\/div>\r\n    <\/div>  \r\n<\/div>\r\n \r\n\r\n\r\n\r\n\t\t\t\t<\/div>\n\t\t\t\t<\/div>\n\t\t                    <\/div>\r\n        <\/div>\r\n                <div class=\"elementor-column elementor-col-25 elementor-top-column elementor-element elementor-element-0207622 pxl-column-overflow-hidden-yes hover-zoom-pll col-offset-none pxl-column-element-default pxl-pll-transform\" data-id=\"0207622\" data-element_type=\"column\">\r\n        <div class=\"elementor-widget-wrap elementor-element-populated\">\r\n            <div class=\"pxl-column-bg-parallax-outer\"><div class=\"pxl-column-bg-parallax\" data-parallax=\"{&quot;y&quot;:20}\"><\/div><\/div>        \t\t<div class=\"elementor-element elementor-element-2944a03 pxl-fancybox-layout-2 pxl-svg-animated-true elementor-widget elementor-widget-pxl_fancy_box\" data-id=\"2944a03\" data-element_type=\"widget\" data-settings=\"{&quot;animate_speed&quot;:2}\" data-widget_type=\"pxl_fancy_box.default\">\n\t\t\t\t<div class=\"elementor-widget-container\">\n\t\t\t\t\t \r\n<div class=\"pxl-fancybox-wrap d-flex text-center layout-2\">\r\n    <div class=\"fancybox-inner relative \">\r\n                \r\n        <div class=\"inner-wrap\">\r\n                          \r\n            <div class=\"pxl-fancybox-content\">\r\n                                <h3 class=\"title pxl-heading\">\r\n                    Restaurant                <\/h3>\r\n                                                <a class=\"pxl-readmore d-inline-flex align-items-center\" href=\"\/galeria\/restauracja-palac-wasowo\/\">                    <span class=\"pxl-button-text\">Siehe die Galerie<\/span>\r\n                    <span class=\"pxl-icon pxli-long-arrow-right\"><\/span>\r\n                <\/a>            <\/div> \r\n        <\/div>\r\n        <div class=\"title-bottom\">\r\n                            <h3 class=\"title pxl-heading\">\r\n                    Restaurant                <\/h3>\r\n                    <\/div>\r\n    <\/div>  \r\n<\/div>\r\n \r\n\r\n\r\n\r\n\t\t\t\t<\/div>\n\t\t\t\t<\/div>\n\t\t                    <\/div>\r\n        <\/div>\r\n                <div class=\"elementor-column elementor-col-25 elementor-top-column elementor-element elementor-element-63a64a9 pxl-column-overflow-hidden-yes hover-zoom-pll col-offset-none pxl-column-element-default pxl-pll-transform\" data-id=\"63a64a9\" data-element_type=\"column\">\r\n        <div class=\"elementor-widget-wrap elementor-element-populated\">\r\n            <div class=\"pxl-column-bg-parallax-outer\"><div class=\"pxl-column-bg-parallax\" data-parallax=\"{&quot;y&quot;:-20}\"><\/div><\/div>        \t\t<div class=\"elementor-element elementor-element-93a04bb pxl-fancybox-layout-2 pxl-svg-animated-true elementor-widget elementor-widget-pxl_fancy_box\" data-id=\"93a04bb\" data-element_type=\"widget\" data-settings=\"{&quot;animate_speed&quot;:2}\" data-widget_type=\"pxl_fancy_box.default\">\n\t\t\t\t<div class=\"elementor-widget-container\">\n\t\t\t\t\t \r\n<div class=\"pxl-fancybox-wrap d-flex text-center layout-2\">\r\n    <div class=\"fancybox-inner relative \">\r\n                \r\n        <div class=\"inner-wrap\">\r\n                          \r\n            <div class=\"pxl-fancybox-content\">\r\n                                <h3 class=\"title pxl-heading\">\r\n                    Park                <\/h3>\r\n                                                <a class=\"pxl-readmore d-inline-flex align-items-center\" href=\"\/galeria\/park\">                    <span class=\"pxl-button-text\">Siehe die Galerie<\/span>\r\n                    <span class=\"pxl-icon pxli-long-arrow-right\"><\/span>\r\n                <\/a>            <\/div> \r\n        <\/div>\r\n        <div class=\"title-bottom\">\r\n                            <h3 class=\"title pxl-heading\">\r\n                    Park                <\/h3>\r\n                    <\/div>\r\n    <\/div>  \r\n<\/div>\r\n \r\n\r\n\r\n\r\n\t\t\t\t<\/div>\n\t\t\t\t<\/div>\n\t\t                    <\/div>\r\n        <\/div>\r\n                <div class=\"elementor-column elementor-col-25 elementor-top-column elementor-element elementor-element-f377280 pxl-column-overflow-hidden-yes hover-zoom-pll col-offset-none pxl-column-element-default pxl-pll-transform\" data-id=\"f377280\" data-element_type=\"column\">\r\n        <div class=\"elementor-widget-wrap elementor-element-populated\">\r\n            <div class=\"pxl-column-bg-parallax-outer\"><div class=\"pxl-column-bg-parallax\" data-parallax=\"{&quot;y&quot;:20}\"><\/div><\/div>        \t\t<div class=\"elementor-element elementor-element-cd089b5 pxl-fancybox-layout-2 pxl-svg-animated-true elementor-widget elementor-widget-pxl_fancy_box\" data-id=\"cd089b5\" data-element_type=\"widget\" data-settings=\"{&quot;animate_speed&quot;:2}\" data-widget_type=\"pxl_fancy_box.default\">\n\t\t\t\t<div class=\"elementor-widget-container\">\n\t\t\t\t\t \r\n<div class=\"pxl-fancybox-wrap d-flex text-center layout-2\">\r\n    <div class=\"fancybox-inner relative \">\r\n                \r\n        <div class=\"inner-wrap\">\r\n                          \r\n            <div class=\"pxl-fancybox-content\">\r\n                                <h3 class=\"title pxl-heading\">\r\n                    Hotel                <\/h3>\r\n                                                <a class=\"pxl-readmore d-inline-flex align-items-center\" href=\"\/galeria\/hotel\">                    <span class=\"pxl-button-text\">Siehe die Galerie<\/span>\r\n                    <span class=\"pxl-icon pxli-long-arrow-right\"><\/span>\r\n                <\/a>            <\/div> \r\n        <\/div>\r\n        <div class=\"title-bottom\">\r\n                            <h3 class=\"title pxl-heading\">\r\n                    Hotel                <\/h3>\r\n                    <\/div>\r\n    <\/div>  \r\n<\/div>\r\n \r\n\r\n\r\n\r\n\t\t\t\t<\/div>\n\t\t\t\t<\/div>\n\t\t                    <\/div>\r\n        <\/div>\r\n        \t\t\t<\/div>\n\t\t<\/section>\n\t\t        <section class=\"elementor-section elementor-top-section elementor-element elementor-element-235d1a1 elementor-section-full_width elementor-section-height-default elementor-section-height-default pxl-section-offset-none pxl-section-static-pos-no pxl-section-overflow-hidden-no pxl-container-margin-auto-no\" data-id=\"235d1a1\" data-element_type=\"section\">\n\n                \n                <div class=\"elementor-container elementor-column-gap-no \">\n                <div class=\"elementor-column elementor-col-25 elementor-top-column elementor-element elementor-element-b98131e pxl-column-overflow-hidden-yes hover-zoom-pll col-offset-none pxl-column-element-default pxl-pll-transform\" data-id=\"b98131e\" data-element_type=\"column\">\r\n        <div class=\"elementor-widget-wrap elementor-element-populated\">\r\n            <div class=\"pxl-column-bg-parallax-outer\"><div class=\"pxl-column-bg-parallax\" data-parallax=\"{&quot;y&quot;:-20}\"><\/div><\/div>        \t\t<div class=\"elementor-element elementor-element-ebdec8e pxl-fancybox-layout-2 pxl-svg-animated-true elementor-widget elementor-widget-pxl_fancy_box\" data-id=\"ebdec8e\" data-element_type=\"widget\" data-settings=\"{&quot;animate_speed&quot;:2}\" data-widget_type=\"pxl_fancy_box.default\">\n\t\t\t\t<div class=\"elementor-widget-container\">\n\t\t\t\t\t \r\n<div class=\"pxl-fancybox-wrap d-flex text-center layout-2\">\r\n    <div class=\"fancybox-inner relative \">\r\n                \r\n        <div class=\"inner-wrap\">\r\n                          \r\n            <div class=\"pxl-fancybox-content\">\r\n                                <h3 class=\"title pxl-heading\">\r\n                    SPA                <\/h3>\r\n                                                <a class=\"pxl-readmore d-inline-flex align-items-center\" href=\"\/galeria\/galeria-spa\">                    <span class=\"pxl-button-text\">Siehe die Galerie<\/span>\r\n                    <span class=\"pxl-icon pxli-long-arrow-right\"><\/span>\r\n                <\/a>            <\/div> \r\n        <\/div>\r\n        <div class=\"title-bottom\">\r\n                            <h3 class=\"title pxl-heading\">\r\n                    SPA                <\/h3>\r\n                    <\/div>\r\n    <\/div>  \r\n<\/div>\r\n \r\n\r\n\r\n\r\n\t\t\t\t<\/div>\n\t\t\t\t<\/div>\n\t\t                    <\/div>\r\n        <\/div>\r\n                <div class=\"elementor-column elementor-col-25 elementor-top-column elementor-element elementor-element-6ae8cc7 pxl-column-overflow-hidden-yes hover-zoom-pll col-offset-none pxl-column-element-default pxl-pll-transform\" data-id=\"6ae8cc7\" data-element_type=\"column\">\r\n        <div class=\"elementor-widget-wrap elementor-element-populated\">\r\n            <div class=\"pxl-column-bg-parallax-outer\"><div class=\"pxl-column-bg-parallax\" data-parallax=\"{&quot;y&quot;:20}\"><\/div><\/div>        \t\t<div class=\"elementor-element elementor-element-08a3ab1 pxl-fancybox-layout-2 pxl-svg-animated-true elementor-widget elementor-widget-pxl_fancy_box\" data-id=\"08a3ab1\" data-element_type=\"widget\" data-settings=\"{&quot;animate_speed&quot;:2}\" data-widget_type=\"pxl_fancy_box.default\">\n\t\t\t\t<div class=\"elementor-widget-container\">\n\t\t\t\t\t \r\n<div class=\"pxl-fancybox-wrap d-flex text-center layout-2\">\r\n    <div class=\"fancybox-inner relative \">\r\n                \r\n        <div class=\"inner-wrap\">\r\n                          \r\n            <div class=\"pxl-fancybox-content\">\r\n                                <h3 class=\"title pxl-heading\">\r\n                    Hochzeiten                <\/h3>\r\n                                                <a class=\"pxl-readmore d-inline-flex align-items-center\" href=\"\/galeria\/wesela\/\">                    <span class=\"pxl-button-text\">Siehe die Galerie<\/span>\r\n                    <span class=\"pxl-icon pxli-long-arrow-right\"><\/span>\r\n                <\/a>            <\/div> \r\n        <\/div>\r\n        <div class=\"title-bottom\">\r\n                            <h3 class=\"title pxl-heading\">\r\n                    Hochzeiten                <\/h3>\r\n                    <\/div>\r\n    <\/div>  \r\n<\/div>\r\n \r\n\r\n\r\n\r\n\t\t\t\t<\/div>\n\t\t\t\t<\/div>\n\t\t                    <\/div>\r\n        <\/div>\r\n                <div class=\"elementor-column elementor-col-25 elementor-top-column elementor-element elementor-element-fc76013 pxl-column-overflow-hidden-yes hover-zoom-pll col-offset-none pxl-column-element-default pxl-pll-transform\" data-id=\"fc76013\" data-element_type=\"column\">\r\n        <div class=\"elementor-widget-wrap elementor-element-populated\">\r\n            <div class=\"pxl-column-bg-parallax-outer\"><div class=\"pxl-column-bg-parallax\" data-parallax=\"{&quot;y&quot;:-20}\"><\/div><\/div>        \t\t<div class=\"elementor-element elementor-element-b2ebb68 pxl-fancybox-layout-2 pxl-svg-animated-true elementor-widget elementor-widget-pxl_fancy_box\" data-id=\"b2ebb68\" data-element_type=\"widget\" data-settings=\"{&quot;animate_speed&quot;:2}\" data-widget_type=\"pxl_fancy_box.default\">\n\t\t\t\t<div class=\"elementor-widget-container\">\n\t\t\t\t\t \r\n<div class=\"pxl-fancybox-wrap d-flex text-center layout-2\">\r\n    <div class=\"fancybox-inner relative \">\r\n                \r\n        <div class=\"inner-wrap\">\r\n                          \r\n            <div class=\"pxl-fancybox-content\">\r\n                                <h3 class=\"title pxl-heading\">\r\n                    Historische Fotos                <\/h3>\r\n                                                <a class=\"pxl-readmore d-inline-flex align-items-center\" href=\"\/galeria\/zdjecia-historyczne\">                    <span class=\"pxl-button-text\">Siehe die Galerie<\/span>\r\n                    <span class=\"pxl-icon pxli-long-arrow-right\"><\/span>\r\n                <\/a>            <\/div> \r\n        <\/div>\r\n        <div class=\"title-bottom\">\r\n                            <h3 class=\"title pxl-heading\">\r\n                    Historische Fotos                <\/h3>\r\n                    <\/div>\r\n    <\/div>  \r\n<\/div>\r\n \r\n\r\n\r\n\r\n\t\t\t\t<\/div>\n\t\t\t\t<\/div>\n\t\t                    <\/div>\r\n        <\/div>\r\n                <div class=\"elementor-column elementor-col-25 elementor-top-column elementor-element elementor-element-748e8ba pxl-column-overflow-hidden-yes hover-zoom-pll col-offset-none pxl-column-element-default pxl-pll-transform\" data-id=\"748e8ba\" data-element_type=\"column\">\r\n        <div class=\"elementor-widget-wrap elementor-element-populated\">\r\n            <div class=\"pxl-column-bg-parallax-outer\"><div class=\"pxl-column-bg-parallax\" data-parallax=\"{&quot;y&quot;:20}\"><\/div><\/div>        \t\t<div class=\"elementor-element elementor-element-a2b8c88 pxl-fancybox-layout-2 pxl-svg-animated-true elementor-widget elementor-widget-pxl_fancy_box\" data-id=\"a2b8c88\" data-element_type=\"widget\" data-settings=\"{&quot;animate_speed&quot;:2}\" data-widget_type=\"pxl_fancy_box.default\">\n\t\t\t\t<div class=\"elementor-widget-container\">\n\t\t\t\t\t \r\n<div class=\"pxl-fancybox-wrap d-flex text-center layout-2\">\r\n    <div class=\"fancybox-inner relative \">\r\n                \r\n        <div class=\"inner-wrap\">\r\n                          \r\n            <div class=\"pxl-fancybox-content\">\r\n                                <h3 class=\"title pxl-heading\">\r\n                    Aus dem Leben des Palastes                <\/h3>\r\n                                                <a class=\"pxl-readmore d-inline-flex align-items-center\" href=\"\/galeria\/z-zycia-palacu\">                    <span class=\"pxl-button-text\">Siehe die Galerie<\/span>\r\n                    <span class=\"pxl-icon pxli-long-arrow-right\"><\/span>\r\n                <\/a>            <\/div> \r\n        <\/div>\r\n        <div class=\"title-bottom\">\r\n                            <h3 class=\"title pxl-heading\">\r\n                    Aus dem Leben des Palastes                <\/h3>\r\n                    <\/div>\r\n    <\/div>  \r\n<\/div>\r\n \r\n\r\n\r\n\r\n\t\t\t\t<\/div>\n\t\t\t\t<\/div>\n\t\t                    <\/div>\r\n        <\/div>\r\n        \t\t\t<\/div>\n\t\t<\/section>\n\t\t\t\t<\/div>\n\t\t","protected":false},"excerpt":{"rendered":"<p>Hochzeitsgala Siehe die Galerie Hochzeitsgala Restaurant Siehe die Galerie Restaurant Park Siehe die Galerie Park Hotel Siehe die Galerie Hotel SPA Siehe die Galerie SPA Hochzeiten Siehe die Galerie Hochzeiten Historische Fotos Siehe die Galerie Historische Fotos Aus dem Leben des Palastes Siehe die Galerie Aus dem Leben des Palastes<\/p>\n","protected":false},"author":1,"featured_media":0,"parent":0,"menu_order":0,"comment_status":"closed","ping_status":"closed","template":"","meta":{"inline_featured_image":false,"footnotes":""},"class_list":["post-23896","page","type-page","status-publish","hentry"],"yoast_head":"<!-- This site is optimized with the Yoast SEO plugin v24.8 - https:\/\/yoast.com\/wordpress\/plugins\/seo\/ -->\n<title>Galerie - Pa\u0142ac W\u0105sowo<\/title>\n<meta name=\"robots\" content=\"index, follow, max-snippet:-1, max-image-preview:large, max-video-preview:-1\" \/>\n<link rel=\"canonical\" href=\"https:\/\/wasowo.pl\/de\/galerie\/\" \/>\n<meta property=\"og:locale\" content=\"de_DE\" \/>\n<meta property=\"og:type\" content=\"article\" \/>\n<meta property=\"og:title\" content=\"Galerie - Pa\u0142ac W\u0105sowo\" \/>\n<meta property=\"og:description\" content=\"Hochzeitsgala Siehe die Galerie Hochzeitsgala Restaurant Siehe die Galerie Restaurant Park Siehe die Galerie Park Hotel Siehe die Galerie Hotel SPA Siehe die Galerie SPA Hochzeiten Siehe die Galerie Hochzeiten Historische Fotos Siehe die Galerie Historische Fotos Aus dem Leben des Palastes Siehe die Galerie Aus dem Leben des Palastes\" \/>\n<meta property=\"og:url\" content=\"https:\/\/wasowo.pl\/de\/galerie\/\" \/>\n<meta property=\"og:site_name\" content=\"Pa\u0142ac W\u0105sowo\" \/>\n<meta property=\"article:modified_time\" content=\"2025-04-15T13:53:45+00:00\" \/>\n<meta name=\"twitter:card\" content=\"summary_large_image\" \/>\n<meta name=\"twitter:label1\" content=\"Gesch\u00e4tzte Lesezeit\" \/>\n\t<meta name=\"twitter:data1\" content=\"1\u00a0Minute\" \/>\n<!-- \/ Yoast SEO plugin. -->","yoast_head_json":{"title":"Galerie - Pa\u0142ac W\u0105sowo","robots":{"index":"index","follow":"follow","max-snippet":"max-snippet:-1","max-image-preview":"max-image-preview:large","max-video-preview":"max-video-preview:-1"},"canonical":"https:\/\/wasowo.pl\/de\/galerie\/","og_locale":"de_DE","og_type":"article","og_title":"Galerie - Pa\u0142ac W\u0105sowo","og_description":"Hochzeitsgala Siehe die Galerie Hochzeitsgala Restaurant Siehe die Galerie Restaurant Park Siehe die Galerie Park Hotel Siehe die Galerie Hotel SPA Siehe die Galerie SPA Hochzeiten Siehe die Galerie Hochzeiten Historische Fotos Siehe die Galerie Historische Fotos Aus dem Leben des Palastes Siehe die Galerie Aus dem Leben des Palastes","og_url":"https:\/\/wasowo.pl\/de\/galerie\/","og_site_name":"Pa\u0142ac W\u0105sowo","article_modified_time":"2025-04-15T13:53:45+00:00","twitter_card":"summary_large_image","twitter_misc":{"Gesch\u00e4tzte Lesezeit":"1\u00a0Minute"},"schema":{"@context":"https:\/\/schema.org","@graph":[{"@type":"WebPage","@id":"https:\/\/wasowo.pl\/de\/galerie\/","url":"https:\/\/wasowo.pl\/de\/galerie\/","name":"Galerie - Pa\u0142ac W\u0105sowo","isPartOf":{"@id":"https:\/\/wasowo.pl\/de\/#website"},"datePublished":"2024-12-09T14:28:41+00:00","dateModified":"2025-04-15T13:53:45+00:00","breadcrumb":{"@id":"https:\/\/wasowo.pl\/de\/galerie\/#breadcrumb"},"inLanguage":"de","potentialAction":[{"@type":"ReadAction","target":["https:\/\/wasowo.pl\/de\/galerie\/"]}]},{"@type":"BreadcrumbList","@id":"https:\/\/wasowo.pl\/de\/galerie\/#breadcrumb","itemListElement":[{"@type":"ListItem","position":1,"name":"Strona g\u0142\u00f3wna","item":"https:\/\/wasowo.pl\/de\/"},{"@type":"ListItem","position":2,"name":"Galerie"}]},{"@type":"WebSite","@id":"https:\/\/wasowo.pl\/de\/#website","url":"https:\/\/wasowo.pl\/de\/","name":"Pa\u0142ac W\u0105sowo","description":"","potentialAction":[{"@type":"SearchAction","target":{"@type":"EntryPoint","urlTemplate":"https:\/\/wasowo.pl\/de\/?s={search_term_string}"},"query-input":{"@type":"PropertyValueSpecification","valueRequired":true,"valueName":"search_term_string"}}],"inLanguage":"de"}]}},"_links":{"self":[{"href":"https:\/\/wasowo.pl\/de\/wp-json\/wp\/v2\/pages\/23896","targetHints":{"allow":["GET"]}}],"collection":[{"href":"https:\/\/wasowo.pl\/de\/wp-json\/wp\/v2\/pages"}],"about":[{"href":"https:\/\/wasowo.pl\/de\/wp-json\/wp\/v2\/types\/page"}],"author":[{"embeddable":true,"href":"https:\/\/wasowo.pl\/de\/wp-json\/wp\/v2\/users\/1"}],"replies":[{"embeddable":true,"href":"https:\/\/wasowo.pl\/de\/wp-json\/wp\/v2\/comments?post=23896"}],"version-history":[{"count":5,"href":"https:\/\/wasowo.pl\/de\/wp-json\/wp\/v2\/pages\/23896\/revisions"}],"predecessor-version":[{"id":24219,"href":"https:\/\/wasowo.pl\/de\/wp-json\/wp\/v2\/pages\/23896\/revisions\/24219"}],"wp:attachment":[{"href":"https:\/\/wasowo.pl\/de\/wp-json\/wp\/v2\/media?parent=23896"}],"curies":[{"name":"wp","href":"https:\/\/api.w.org\/{rel}","templated":true}]}}